{"id":2269,"date":"2017-03-25T11:20:22","date_gmt":"2017-03-25T10:20:22","guid":{"rendered":"http:\/\/arkadruk.pl\/oddeleni\/introligatornia\/"},"modified":"2019-03-15T11:40:24","modified_gmt":"2019-03-15T10:40:24","slug":"vazba-knih","status":"publish","type":"page","link":"https:\/\/arkadruk.pl\/cs\/oddeleni\/vazba-knih\/","title":{"rendered":"Vazba knih"},"content":{"rendered":"<p>[vc_row container=&#8220;1&#8243; el_class=&#8220;news-content section-padding single-service-page our-features in-wrapper no-container&#8220;][vc_column width=&#8220;1\/3&#8243;][vc_widget_sidebar sidebar_id=&#8220;sidebar-5&#8243;][\/vc_column][vc_column width=&#8220;2\/3&#8243;]\n<div class=\"outer\">\n    <div class=\"text-box display-tcm pr-20\">\n        <div class=\"section-title inner\">\n            <h2>Vazba knih<\/h2>\n            <span class=\"decor\"><\/span>\n        <\/div>\n        <div class=\"text\">\n            <p>Nejvy\u0161\u0161\u00ed kvalitu kone\u010dn\u00e9ho produktu zaji\u0161\u0165uje n\u011bkolik modern\u00edch stoj\u016f, a tak\u00e9 zku\u0161en\u00fd t\u00fdm zam\u011bstnanc\u016f.<\/p>\n            <br>\n            <p><b>Prov\u00e1d\u00edme n\u00e1sleduj\u00edc\u00ed vazbu:<\/b><br \/>\n- Lepen\u00e1, typ hot-melt EVA a PUR<br \/>\n- Se\u0161it\u00e1 dr\u00e1tem<br \/>\n- Se\u0161it\u00e1 dr\u00e1tek \/ ou\u0161ka<br \/>\n- Se\u0161it\u00e1 nit\u00ed<br \/>\n- Spir\u00e1lov\u00e1 vazba v syst\u00e9mech 3:1 a 2:1<br \/>\n- Pevn\u00e1 vazba<\/p>\n        <\/div>\n    <\/div>\n    <div class=\"img-box display-tcm\">\n        <a href=\"#\"><img decoding=\"async\" src=\"\" alt=\"\"><\/a>\n    <\/div>\n        \n<\/div>\n<br><br>\n<div class=\"border-bottom\"><\/div>\n<br><br>\n\n[\/vc_column][\/vc_row][vc_row][vc_column][vc_raw_html][\/vc_raw_html][\/vc_column][\/vc_row]<\/p>\n","protected":false},"excerpt":{"rendered":"<p>[vc_row container=&#8220;1&#8243; el_class=&#8220;news-content section-padding single-service-page our-features in-wrapper no-container&#8220;][vc_column width=&#8220;1\/3&#8243;][vc_widget_sidebar sidebar_id=&#8220;sidebar-5&#8243;][\/vc_column][vc_column width=&#8220;2\/3&#8243;][\/vc_column][\/vc_row][vc_row][vc_column][vc_raw_html][\/vc_raw_html][\/vc_column][\/vc_row]<\/p>\n","protected":false},"author":3,"featured_media":0,"parent":2260,"menu_order":0,"comment_status":"closed","ping_status":"closed","template":"tpl-visual_composer.php","meta":{"footnotes":""},"class_list":["post-2269","page","type-page","status-publish","hentry"],"yoast_head":"<!-- This site is optimized with the Yoast SEO plugin v26.6 - https:\/\/yoast.com\/wordpress\/plugins\/seo\/ -->\n<title>Vazba knih - Drukarnia Wydawnictwa ARKA<\/title>\n<meta name=\"robots\" content=\"index, follow, max-snippet:-1, max-image-preview:large, max-video-preview:-1\" \/>\n<link rel=\"canonical\" href=\"https:\/\/arkadruk.pl\/cs\/oddeleni\/vazba-knih\/\" \/>\n<meta property=\"og:locale\" content=\"cs_CZ\" \/>\n<meta property=\"og:type\" content=\"article\" \/>\n<meta property=\"og:title\" content=\"Vazba knih - Drukarnia Wydawnictwa ARKA\" \/>\n<meta property=\"og:description\" content=\"[vc_row container=&#8220;1&#8243; el_class=&#8220;news-content section-padding single-service-page our-features in-wrapper no-container&#8220;][vc_column width=&#8220;1\/3&#8243;][vc_widget_sidebar sidebar_id=&#8220;sidebar-5&#8243;][\/vc_column][vc_column width=&#8220;2\/3&#8243;][\/vc_column][\/vc_row][vc_row][vc_column][vc_raw_html][\/vc_raw_html][\/vc_column][\/vc_row]\" \/>\n<meta property=\"og:url\" content=\"https:\/\/arkadruk.pl\/cs\/oddeleni\/vazba-knih\/\" \/>\n<meta property=\"og:site_name\" content=\"Drukarnia Wydawnictwa ARKA\" \/>\n<meta property=\"article:publisher\" content=\"https:\/\/www.facebook.com\/ArkadrukCieszyn\/\" \/>\n<meta property=\"article:modified_time\" content=\"2019-03-15T10:40:24+00:00\" \/>\n<meta property=\"og:image\" content=\"https:\/\/arkadruk.pl\/wp-content\/uploads\/2019\/03\/pictogramarka-1.jpg\" \/>\n\t<meta property=\"og:image:width\" content=\"32\" \/>\n\t<meta property=\"og:image:height\" content=\"32\" \/>\n\t<meta property=\"og:image:type\" content=\"image\/jpeg\" \/>\n<meta name=\"twitter:card\" content=\"summary_large_image\" \/>\n<script type=\"application\/ld+json\" class=\"yoast-schema-graph\">{\"@context\":\"https:\/\/schema.org\",\"@graph\":[{\"@type\":\"WebPage\",\"@id\":\"https:\/\/arkadruk.pl\/cs\/oddeleni\/vazba-knih\/\",\"url\":\"https:\/\/arkadruk.pl\/cs\/oddeleni\/vazba-knih\/\",\"name\":\"Vazba knih - Drukarnia Wydawnictwa ARKA\",\"isPartOf\":{\"@id\":\"https:\/\/arkadruk.pl\/cs\/#website\"},\"datePublished\":\"2017-03-25T10:20:22+00:00\",\"dateModified\":\"2019-03-15T10:40:24+00:00\",\"breadcrumb\":{\"@id\":\"https:\/\/arkadruk.pl\/cs\/oddeleni\/vazba-knih\/#breadcrumb\"},\"inLanguage\":\"cs\",\"potentialAction\":[{\"@type\":\"ReadAction\",\"target\":[\"https:\/\/arkadruk.pl\/cs\/oddeleni\/vazba-knih\/\"]}]},{\"@type\":\"BreadcrumbList\",\"@id\":\"https:\/\/arkadruk.pl\/cs\/oddeleni\/vazba-knih\/#breadcrumb\",\"itemListElement\":[{\"@type\":\"ListItem\",\"position\":1,\"name\":\"Strona g\u0142\u00f3wna\",\"item\":\"https:\/\/arkadruk.pl\/cs\/\"},{\"@type\":\"ListItem\",\"position\":2,\"name\":\"Odd\u011blen\u00ed\",\"item\":\"https:\/\/arkadruk.pl\/cs\/oddeleni\/\"},{\"@type\":\"ListItem\",\"position\":3,\"name\":\"Vazba knih\"}]},{\"@type\":\"WebSite\",\"@id\":\"https:\/\/arkadruk.pl\/cs\/#website\",\"url\":\"https:\/\/arkadruk.pl\/cs\/\",\"name\":\"Drukarnia Wydawnictwa ARKA\",\"description\":\"Druk offsetowy, cyfrowy, oprawa - Arkadruk Cieszyn PL\",\"potentialAction\":[{\"@type\":\"SearchAction\",\"target\":{\"@type\":\"EntryPoint\",\"urlTemplate\":\"https:\/\/arkadruk.pl\/cs\/?s={search_term_string}\"},\"query-input\":{\"@type\":\"PropertyValueSpecification\",\"valueRequired\":true,\"valueName\":\"search_term_string\"}}],\"inLanguage\":\"cs\"}]}<\/script>\n<!-- \/ Yoast SEO plugin. -->","yoast_head_json":{"title":"Vazba knih - Drukarnia Wydawnictwa ARKA","robots":{"index":"index","follow":"follow","max-snippet":"max-snippet:-1","max-image-preview":"max-image-preview:large","max-video-preview":"max-video-preview:-1"},"canonical":"https:\/\/arkadruk.pl\/cs\/oddeleni\/vazba-knih\/","og_locale":"cs_CZ","og_type":"article","og_title":"Vazba knih - Drukarnia Wydawnictwa ARKA","og_description":"[vc_row container=&#8220;1&#8243; el_class=&#8220;news-content section-padding single-service-page our-features in-wrapper no-container&#8220;][vc_column width=&#8220;1\/3&#8243;][vc_widget_sidebar sidebar_id=&#8220;sidebar-5&#8243;][\/vc_column][vc_column width=&#8220;2\/3&#8243;][\/vc_column][\/vc_row][vc_row][vc_column][vc_raw_html][\/vc_raw_html][\/vc_column][\/vc_row]","og_url":"https:\/\/arkadruk.pl\/cs\/oddeleni\/vazba-knih\/","og_site_name":"Drukarnia Wydawnictwa ARKA","article_publisher":"https:\/\/www.facebook.com\/ArkadrukCieszyn\/","article_modified_time":"2019-03-15T10:40:24+00:00","og_image":[{"width":32,"height":32,"url":"https:\/\/arkadruk.pl\/wp-content\/uploads\/2019\/03\/pictogramarka-1.jpg","type":"image\/jpeg"}],"twitter_card":"summary_large_image","schema":{"@context":"https:\/\/schema.org","@graph":[{"@type":"WebPage","@id":"https:\/\/arkadruk.pl\/cs\/oddeleni\/vazba-knih\/","url":"https:\/\/arkadruk.pl\/cs\/oddeleni\/vazba-knih\/","name":"Vazba knih - Drukarnia Wydawnictwa ARKA","isPartOf":{"@id":"https:\/\/arkadruk.pl\/cs\/#website"},"datePublished":"2017-03-25T10:20:22+00:00","dateModified":"2019-03-15T10:40:24+00:00","breadcrumb":{"@id":"https:\/\/arkadruk.pl\/cs\/oddeleni\/vazba-knih\/#breadcrumb"},"inLanguage":"cs","potentialAction":[{"@type":"ReadAction","target":["https:\/\/arkadruk.pl\/cs\/oddeleni\/vazba-knih\/"]}]},{"@type":"BreadcrumbList","@id":"https:\/\/arkadruk.pl\/cs\/oddeleni\/vazba-knih\/#breadcrumb","itemListElement":[{"@type":"ListItem","position":1,"name":"Strona g\u0142\u00f3wna","item":"https:\/\/arkadruk.pl\/cs\/"},{"@type":"ListItem","position":2,"name":"Odd\u011blen\u00ed","item":"https:\/\/arkadruk.pl\/cs\/oddeleni\/"},{"@type":"ListItem","position":3,"name":"Vazba knih"}]},{"@type":"WebSite","@id":"https:\/\/arkadruk.pl\/cs\/#website","url":"https:\/\/arkadruk.pl\/cs\/","name":"Drukarnia Wydawnictwa ARKA","description":"Druk offsetowy, cyfrowy, oprawa - Arkadruk Cieszyn PL","potentialAction":[{"@type":"SearchAction","target":{"@type":"EntryPoint","urlTemplate":"https:\/\/arkadruk.pl\/cs\/?s={search_term_string}"},"query-input":{"@type":"PropertyValueSpecification","valueRequired":true,"valueName":"search_term_string"}}],"inLanguage":"cs"}]}},"_links":{"self":[{"href":"https:\/\/arkadruk.pl\/cs\/wp-json\/wp\/v2\/pages\/2269","targetHints":{"allow":["GET"]}}],"collection":[{"href":"https:\/\/arkadruk.pl\/cs\/wp-json\/wp\/v2\/pages"}],"about":[{"href":"https:\/\/arkadruk.pl\/cs\/wp-json\/wp\/v2\/types\/page"}],"author":[{"embeddable":true,"href":"https:\/\/arkadruk.pl\/cs\/wp-json\/wp\/v2\/users\/3"}],"replies":[{"embeddable":true,"href":"https:\/\/arkadruk.pl\/cs\/wp-json\/wp\/v2\/comments?post=2269"}],"version-history":[{"count":3,"href":"https:\/\/arkadruk.pl\/cs\/wp-json\/wp\/v2\/pages\/2269\/revisions"}],"predecessor-version":[{"id":2287,"href":"https:\/\/arkadruk.pl\/cs\/wp-json\/wp\/v2\/pages\/2269\/revisions\/2287"}],"up":[{"embeddable":true,"href":"https:\/\/arkadruk.pl\/cs\/wp-json\/wp\/v2\/pages\/2260"}],"wp:attachment":[{"href":"https:\/\/arkadruk.pl\/cs\/wp-json\/wp\/v2\/media?parent=2269"}],"curies":[{"name":"wp","href":"https:\/\/api.w.org\/{rel}","templated":true}]}}