{"id":2272,"date":"2017-04-04T09:59:25","date_gmt":"2017-04-04T07:59:25","guid":{"rendered":"http:\/\/arkadruk.pl\/oddeleni\/naswietlarnia\/"},"modified":"2019-03-15T11:35:07","modified_gmt":"2019-03-15T10:35:07","slug":"sazba-ctp","status":"publish","type":"page","link":"https:\/\/arkadruk.pl\/cs\/oddeleni\/sazba-ctp\/","title":{"rendered":"Sazba CTP"},"content":{"rendered":"<p>[vc_row container=&#8220;1&#8243; el_class=&#8220;news-content section-padding single-service-page our-features in-wrapper no-container&#8220;][vc_column width=&#8220;1\/3&#8243;][vc_widget_sidebar sidebar_id=&#8220;sidebar-2&#8243;][\/vc_column][vc_column width=&#8220;2\/3&#8243;]\n<div class=\"outer\">\n    <div class=\"text-box display-tcm pr-20\">\n        <div class=\"section-title inner\">\n            <h2>Sazba CTP<\/h2>\n            <span class=\"decor\"><\/span>\n        <\/div>\n        <div class=\"text\">\n            <p>Automatick\u00e1 linka CTP-UV firmy CRON n\u00e1m umo\u017e\u0148uje nasv\u00edcen\u00ed ofsetov\u00fdch desek do form\u00e1tu B2+ a\u017e do 3000 dpi.<\/p>\n            <br>\n            <p>PO\u017dADAVKY T\u00ddKAJ\u00cdC\u00cd SE P\u0158\u00cdPRAVY SOUBOR\u016e<\/p>\n<p>1. P\u0159\u00edprava soubor\u016f k tisku<br \/>\nPro tisk p\u0159ij\u00edm\u00e1me hotov\u00e9 materi\u00e1ly dodan\u00e9 klientem, z\u00e1rove\u0148 tak\u00e9 zaji\u0161\u0165ujeme p\u0159\u00edpravu pr\u00e1ce \u2013 po\u010d\u00ednaje projektov\u00e1n\u00edm grafiky, kompozic\u00ed DTP a\u017e po deskovou sazbu.<br \/>\n- Soubory ve form\u00e1tu PDF, bez profil\u016f ICC, bez vrstev \u2013 zplo\u0161t\u011bl\u00e9<br \/>\n- Doporu\u010den\u00e9 rozli\u0161en\u00ed: min. 300 dpi<br \/>\n- Barevn\u00fd re\u017eim: CMYK, bez vlo\u017een\u00fdch dopl\u0148kov\u00fdch profil\u016f (nebo dan\u00e9ho profilu \u201eCoated Fogra 27 (ISO 12647-2:2004)\u201c)<br \/>\n- V p\u0159\u00edpad\u011b tisku s dal\u0161\u00edmi barvami, barvami s p\u0159\u00edslu\u0161n\u00fdmi n\u00e1zvy Pantone, nen\u00ed \u017e\u00e1douc\u00ed pos\u00edlat pr\u00e1ce v jin\u00e9m barevn\u00e9m prostoru, ne\u017e RGB nebo Lab<br \/>\n- Barevn\u00e9 pr\u00e1ce by m\u011bly b\u00fdt ulo\u017eeny jako Composite CMYK (bez separace)<br \/>\n- \u010cern\u00e9 texty na barevn\u00e9m pozad\u00ed by m\u011bly b\u00fdt vyti\u0161t\u011bny (mo\u017enost p\u0159etisku 100% \u010dern\u00e1)<br \/>\n- Soubor m\u00e1 m\u00edt o\u0159ezov\u00e9 zna\u010dky podle form\u00e1tu dle objedn\u00e1vky, grafick\u00e9 a textov\u00e9 prvky by nem\u011bly b\u00fdt um\u00edst\u011bny m\u00e9n\u011b ne\u017e 4 mm od \u0159ezn\u00e9 linie<br \/>\n- Tenk\u00e9 \u010d\u00e1ry a dal\u0161\u00ed grafick\u00e9 prvky by m\u011bly b\u00fdt definov\u00e1ny v jedn\u00e9 barv\u011b, je nep\u0159ijateln\u00e9 vytv\u00e1\u0159et text ze 4 barev<br \/>\n- V oblastech \u010dern\u00e9ho pozad\u00ed pod textem doporu\u010dujeme pou\u017e\u00edt: 50% azurov\u00e9, 50% purpurov\u00e9, 50% \u017elut\u00e9 a 100% \u010dern\u00e9<br \/>\n- N\u00e1zvy soubor\u016f (bez polsk\u00fdch znak\u016f) by m\u011bly m\u00edt jasn\u011b definovan\u00e9 pojmenov\u00e1n\u00ed a rozsah obsa\u017een\u00fdch str\u00e1nek a typ obsahu, jestli\u017ee se jedn\u00e1 nap\u0159. o masku na UV lak, raz\u00edtka atd.<br \/>\n- Soubor pro UV lak se p\u0159ipravuje pro tisk stejn\u011b jako pdf \u2013 lakovan\u00e9 prvky jsou z 100% jedn\u00e9 barevn\u00e9 vrstvy<br \/>\n- P\u0159ipraven\u00fd soubor 1:1<br \/>\n- Sklon (st\u0159ed) min. 3 mm, 20 mm r\u00e1fek, st\u0159ed spir\u00e1lov\u00e9 vazby 4 mm na ka\u017ed\u00e9 stran\u011b<br \/>\n- Fonty upraven\u00e9 na k\u0159ivky nebo 100% vlo\u017een\u00e9 do souboru<br \/>\nNep\u0159ekra\u010dujte maxim\u00e1ln\u00ed procento barev v jednom bod\u011b, co\u017e je:<br \/>\n- 330% pro tisk na k\u0159\u00eddov\u00fd pap\u00edr spl\u0148uj\u00edc\u00ed sm\u011brnice ISO 12647-2 (pap\u00edry skupiny 1 a 2 dle ISO 12647-2)<br \/>\n- 300% pro tisk na k\u0159\u00eddov\u00fd pap\u00edr, kter\u00fd nespl\u0148uje sm\u011brnice ISO<br \/>\n- 270% pro tisk na nepota\u017een\u00fdch pap\u00edrech<\/p>\n<p>2. Dod\u00e1v\u00e1n\u00ed soubor\u016f<br \/>\nSoubory lze elektronicky odeslat na e-mailov\u00e9 adresy a na n\u00e1\u0161 FTP server. Soubory s grafick\u00fdm projektem po odesl\u00e1n\u00ed klientem kontrolujeme a v p\u0159\u00edpad\u011b jak\u00fdchkoliv chyb klienta je\u0161t\u011b kontaktujeme. Z\u00e1kazn\u00edk rozhodne o tom, jestli znovu ode\u0161le opraven\u00e9 soubory nebo se bude pokra\u010dovat v pr\u00e1ci na souborech obsahuj\u00edc\u00edch chyby, p\u0159i\u010dem\u017e p\u0159eb\u00edr\u00e1 p\u0159\u00edpadn\u00e9 riziko p\u0159ijet\u00ed neoptim\u00e1ln\u00edho produktu.<br \/>\nTisk\u00e1rna NEBUDE zodpov\u011bdn\u00e1 za barevn\u00e9 rozd\u00edly, vypl\u00fdvaj\u00edc\u00ed z p\u0159em\u011bny barevn\u00fdch prostor jin\u00fdch ne\u017e CMYK a p\u0159\u00eddavn\u00fdch barev (nap\u0159. PANTONE, HKS, atd.) do barevn\u00e9ho prostoru CMYK. Odesl\u00e1n\u00edm \u00fadaj\u016f, kter\u00e9 jsou neslu\u010diteln\u00e9 s barevn\u00fdm prostorem po\u017eadovan\u00fdm v t\u00e9to specifikaci, z\u00e1kazn\u00edk souhlas\u00ed s proveden\u00edm p\u0159evodu a v tomto ohledu nese odpov\u011bdnost za v\u0161echny barevn\u00e9 odchylky.<\/p>\n        <\/div>\n    <\/div>\n    <div class=\"img-box display-tcm\">\n        <a href=\"#\"><img decoding=\"async\" src=\"\" alt=\"\"><\/a>\n    <\/div>\n        \n<\/div>\n<br><br>\n<div class=\"border-bottom\"><\/div>\n<br><br>\n\n[\/vc_column][\/vc_row]<\/p>\n","protected":false},"excerpt":{"rendered":"<p>[vc_row container=&#8220;1&#8243; el_class=&#8220;news-content section-padding single-service-page our-features in-wrapper no-container&#8220;][vc_column width=&#8220;1\/3&#8243;][vc_widget_sidebar sidebar_id=&#8220;sidebar-2&#8243;][\/vc_column][vc_column width=&#8220;2\/3&#8243;][\/vc_column][\/vc_row]<\/p>\n","protected":false},"author":1,"featured_media":0,"parent":2260,"menu_order":0,"comment_status":"closed","ping_status":"closed","template":"tpl-visual_composer.php","meta":{"footnotes":""},"class_list":["post-2272","page","type-page","status-publish","hentry"],"yoast_head":"<!-- This site is optimized with the Yoast SEO plugin v26.6 - https:\/\/yoast.com\/wordpress\/plugins\/seo\/ -->\n<title>Sazba CTP - Drukarnia Wydawnictwa ARKA<\/title>\n<meta name=\"robots\" content=\"index, follow, max-snippet:-1, max-image-preview:large, max-video-preview:-1\" \/>\n<link rel=\"canonical\" href=\"https:\/\/arkadruk.pl\/cs\/oddeleni\/sazba-ctp\/\" \/>\n<meta property=\"og:locale\" content=\"cs_CZ\" \/>\n<meta property=\"og:type\" content=\"article\" \/>\n<meta property=\"og:title\" content=\"Sazba CTP - Drukarnia Wydawnictwa ARKA\" \/>\n<meta property=\"og:description\" content=\"[vc_row container=&#8220;1&#8243; el_class=&#8220;news-content section-padding single-service-page our-features in-wrapper no-container&#8220;][vc_column width=&#8220;1\/3&#8243;][vc_widget_sidebar sidebar_id=&#8220;sidebar-2&#8243;][\/vc_column][vc_column width=&#8220;2\/3&#8243;][\/vc_column][\/vc_row]\" \/>\n<meta property=\"og:url\" content=\"https:\/\/arkadruk.pl\/cs\/oddeleni\/sazba-ctp\/\" \/>\n<meta property=\"og:site_name\" content=\"Drukarnia Wydawnictwa ARKA\" \/>\n<meta property=\"article:publisher\" content=\"https:\/\/www.facebook.com\/ArkadrukCieszyn\/\" \/>\n<meta property=\"article:modified_time\" content=\"2019-03-15T10:35:07+00:00\" \/>\n<meta property=\"og:image\" content=\"https:\/\/arkadruk.pl\/wp-content\/uploads\/2019\/03\/pictogramarka-1.jpg\" \/>\n\t<meta property=\"og:image:width\" content=\"32\" \/>\n\t<meta property=\"og:image:height\" content=\"32\" \/>\n\t<meta property=\"og:image:type\" content=\"image\/jpeg\" \/>\n<meta name=\"twitter:card\" content=\"summary_large_image\" \/>\n<script type=\"application\/ld+json\" class=\"yoast-schema-graph\">{\"@context\":\"https:\/\/schema.org\",\"@graph\":[{\"@type\":\"WebPage\",\"@id\":\"https:\/\/arkadruk.pl\/cs\/oddeleni\/sazba-ctp\/\",\"url\":\"https:\/\/arkadruk.pl\/cs\/oddeleni\/sazba-ctp\/\",\"name\":\"Sazba CTP - Drukarnia Wydawnictwa ARKA\",\"isPartOf\":{\"@id\":\"https:\/\/arkadruk.pl\/cs\/#website\"},\"datePublished\":\"2017-04-04T07:59:25+00:00\",\"dateModified\":\"2019-03-15T10:35:07+00:00\",\"breadcrumb\":{\"@id\":\"https:\/\/arkadruk.pl\/cs\/oddeleni\/sazba-ctp\/#breadcrumb\"},\"inLanguage\":\"cs\",\"potentialAction\":[{\"@type\":\"ReadAction\",\"target\":[\"https:\/\/arkadruk.pl\/cs\/oddeleni\/sazba-ctp\/\"]}]},{\"@type\":\"BreadcrumbList\",\"@id\":\"https:\/\/arkadruk.pl\/cs\/oddeleni\/sazba-ctp\/#breadcrumb\",\"itemListElement\":[{\"@type\":\"ListItem\",\"position\":1,\"name\":\"Strona g\u0142\u00f3wna\",\"item\":\"https:\/\/arkadruk.pl\/cs\/\"},{\"@type\":\"ListItem\",\"position\":2,\"name\":\"Odd\u011blen\u00ed\",\"item\":\"https:\/\/arkadruk.pl\/cs\/oddeleni\/\"},{\"@type\":\"ListItem\",\"position\":3,\"name\":\"Sazba CTP\"}]},{\"@type\":\"WebSite\",\"@id\":\"https:\/\/arkadruk.pl\/cs\/#website\",\"url\":\"https:\/\/arkadruk.pl\/cs\/\",\"name\":\"Drukarnia Wydawnictwa ARKA\",\"description\":\"Druk offsetowy, cyfrowy, oprawa - Arkadruk Cieszyn PL\",\"potentialAction\":[{\"@type\":\"SearchAction\",\"target\":{\"@type\":\"EntryPoint\",\"urlTemplate\":\"https:\/\/arkadruk.pl\/cs\/?s={search_term_string}\"},\"query-input\":{\"@type\":\"PropertyValueSpecification\",\"valueRequired\":true,\"valueName\":\"search_term_string\"}}],\"inLanguage\":\"cs\"}]}<\/script>\n<!-- \/ Yoast SEO plugin. -->","yoast_head_json":{"title":"Sazba CTP - Drukarnia Wydawnictwa ARKA","robots":{"index":"index","follow":"follow","max-snippet":"max-snippet:-1","max-image-preview":"max-image-preview:large","max-video-preview":"max-video-preview:-1"},"canonical":"https:\/\/arkadruk.pl\/cs\/oddeleni\/sazba-ctp\/","og_locale":"cs_CZ","og_type":"article","og_title":"Sazba CTP - Drukarnia Wydawnictwa ARKA","og_description":"[vc_row container=&#8220;1&#8243; el_class=&#8220;news-content section-padding single-service-page our-features in-wrapper no-container&#8220;][vc_column width=&#8220;1\/3&#8243;][vc_widget_sidebar sidebar_id=&#8220;sidebar-2&#8243;][\/vc_column][vc_column width=&#8220;2\/3&#8243;][\/vc_column][\/vc_row]","og_url":"https:\/\/arkadruk.pl\/cs\/oddeleni\/sazba-ctp\/","og_site_name":"Drukarnia Wydawnictwa ARKA","article_publisher":"https:\/\/www.facebook.com\/ArkadrukCieszyn\/","article_modified_time":"2019-03-15T10:35:07+00:00","og_image":[{"width":32,"height":32,"url":"https:\/\/arkadruk.pl\/wp-content\/uploads\/2019\/03\/pictogramarka-1.jpg","type":"image\/jpeg"}],"twitter_card":"summary_large_image","schema":{"@context":"https:\/\/schema.org","@graph":[{"@type":"WebPage","@id":"https:\/\/arkadruk.pl\/cs\/oddeleni\/sazba-ctp\/","url":"https:\/\/arkadruk.pl\/cs\/oddeleni\/sazba-ctp\/","name":"Sazba CTP - Drukarnia Wydawnictwa ARKA","isPartOf":{"@id":"https:\/\/arkadruk.pl\/cs\/#website"},"datePublished":"2017-04-04T07:59:25+00:00","dateModified":"2019-03-15T10:35:07+00:00","breadcrumb":{"@id":"https:\/\/arkadruk.pl\/cs\/oddeleni\/sazba-ctp\/#breadcrumb"},"inLanguage":"cs","potentialAction":[{"@type":"ReadAction","target":["https:\/\/arkadruk.pl\/cs\/oddeleni\/sazba-ctp\/"]}]},{"@type":"BreadcrumbList","@id":"https:\/\/arkadruk.pl\/cs\/oddeleni\/sazba-ctp\/#breadcrumb","itemListElement":[{"@type":"ListItem","position":1,"name":"Strona g\u0142\u00f3wna","item":"https:\/\/arkadruk.pl\/cs\/"},{"@type":"ListItem","position":2,"name":"Odd\u011blen\u00ed","item":"https:\/\/arkadruk.pl\/cs\/oddeleni\/"},{"@type":"ListItem","position":3,"name":"Sazba CTP"}]},{"@type":"WebSite","@id":"https:\/\/arkadruk.pl\/cs\/#website","url":"https:\/\/arkadruk.pl\/cs\/","name":"Drukarnia Wydawnictwa ARKA","description":"Druk offsetowy, cyfrowy, oprawa - Arkadruk Cieszyn PL","potentialAction":[{"@type":"SearchAction","target":{"@type":"EntryPoint","urlTemplate":"https:\/\/arkadruk.pl\/cs\/?s={search_term_string}"},"query-input":{"@type":"PropertyValueSpecification","valueRequired":true,"valueName":"search_term_string"}}],"inLanguage":"cs"}]}},"_links":{"self":[{"href":"https:\/\/arkadruk.pl\/cs\/wp-json\/wp\/v2\/pages\/2272","targetHints":{"allow":["GET"]}}],"collection":[{"href":"https:\/\/arkadruk.pl\/cs\/wp-json\/wp\/v2\/pages"}],"about":[{"href":"https:\/\/arkadruk.pl\/cs\/wp-json\/wp\/v2\/types\/page"}],"author":[{"embeddable":true,"href":"https:\/\/arkadruk.pl\/cs\/wp-json\/wp\/v2\/users\/1"}],"replies":[{"embeddable":true,"href":"https:\/\/arkadruk.pl\/cs\/wp-json\/wp\/v2\/comments?post=2272"}],"version-history":[{"count":3,"href":"https:\/\/arkadruk.pl\/cs\/wp-json\/wp\/v2\/pages\/2272\/revisions"}],"predecessor-version":[{"id":2281,"href":"https:\/\/arkadruk.pl\/cs\/wp-json\/wp\/v2\/pages\/2272\/revisions\/2281"}],"up":[{"embeddable":true,"href":"https:\/\/arkadruk.pl\/cs\/wp-json\/wp\/v2\/pages\/2260"}],"wp:attachment":[{"href":"https:\/\/arkadruk.pl\/cs\/wp-json\/wp\/v2\/media?parent=2272"}],"curies":[{"name":"wp","href":"https:\/\/api.w.org\/{rel}","templated":true}]}}