{"id":2276,"date":"2017-03-25T11:19:20","date_gmt":"2017-03-25T10:19:20","guid":{"rendered":"http:\/\/arkadruk.pl\/oddeleni\/studio-graficzne\/"},"modified":"2019-03-18T07:38:21","modified_gmt":"2019-03-18T06:38:21","slug":"graficke-studio","status":"publish","type":"page","link":"https:\/\/arkadruk.pl\/cs\/oddeleni\/graficke-studio\/","title":{"rendered":"Grafick\u00e9 studio"},"content":{"rendered":"<p>[vc_row container=&#8220;1&#8243; el_class=&#8220;news-content section-padding single-service-page our-features in-wrapper no-container&#8220;][vc_column width=&#8220;1\/3&#8243;][vc_widget_sidebar sidebar_id=&#8220;sidebar-1&#8243;][\/vc_column][vc_column width=&#8220;2\/3&#8243;]\n<div class=\"outer\">\n    <div class=\"text-box display-tcm pr-20\">\n        <div class=\"section-title inner\">\n            <h2>Grafick\u00e9 studio<\/h2>\n            <span class=\"decor\"><\/span>\n        <\/div>\n        <div class=\"text\">\n            <p><b>Pr\u00e1v\u011b zde n\u00e1pady z\u00edsk\u00e1vaj\u00ed materi\u00e1ln\u00ed podobu.<\/b><\/p>\n<p>A\u0165 u\u017e hled\u00e1te zaj\u00edmav\u00fd design pro reklamu nebo jen elegantn\u00ed vzhled vizitky \u2013 zveme v\u00e1s do na\u0161eho studia.<\/p>\n<p>Navrhujeme a p\u0159ipravujeme k tisku r\u016fzn\u00e9 publikace, alba, pr\u016fvodce, katalogy, reklamn\u00ed bro\u017eury, firemn\u00ed soubory, kalend\u00e1\u0159e, obaly na CD atd.<\/p>\n<p>Mezi na\u0161e slu\u017eby pat\u0159\u00ed kompozice a zlom textu, n\u00e1vrh dispozice knih a obal\u016f, kompletn\u00ed p\u0159\u00edprava soubor\u016f pro tisk\u00e1rnu v\u010detn\u011b elektronick\u00e9 verze.<\/p>\n<p>V p\u0159\u00edpad\u011b dlouhodob\u00e9 spolupr\u00e1ce nab\u00edz\u00edme zaj\u00edmav\u00e9 ceny upraven\u00e9 dle rozpo\u010dtu nakladatelstv\u00ed.<\/p>\n            <br>\n            <p><b>P\u0159ij\u00edm\u00e1me n\u00e1sleduj\u00edc\u00ed form\u00e1ty:<\/b><br \/>\n- Soubory ve form\u00e1tu CDR, AI, EPS s fonty p\u0159eveden\u00fdmi na k\u0159ivky<br \/>\n- Soubory ve form\u00e1tu TIF \u2013 po p\u0159edchoz\u00ed dohod\u011b<\/p>\n        <\/div>\n    <\/div>\n    <div class=\"img-box display-tcm\">\n        <a href=\"#\"><img decoding=\"async\" src=\"\" alt=\"\"><\/a>\n    <\/div>\n        \n<\/div>\n<br><br>\n<div class=\"border-bottom\"><\/div>\n<br><br>\n\n[\/vc_column][\/vc_row][vc_row][vc_column]\n<section class=\"call-to-action-home\" style=\"background: url('https:\/\/arkadruk.pl\/wp-content\/uploads\/2017\/12\/tlo-zolte-1.jpg');\">\n\t<div class=\"container\">\n\t\t<p><span style=\"color: red;\">Vytvo\u0159\u00edme n\u011bco spole\u010dn\u011b nebo v\u00e1m pom\u016f\u017eeme,<br \/>\naby va\u0161e o\u010dek\u00e1v\u00e1n\u00ed byla napln\u011bna.<br \/>\n<b>Stoj\u00ed za to v\u011b\u0159it profesion\u00e1l\u016fm!<\/b><\/span><br \/>\n<\/p>\n\t<\/div>\n<\/section>\n\n[\/vc_column][\/vc_row]<\/p>\n","protected":false},"excerpt":{"rendered":"<p>[vc_row container=&#8220;1&#8243; el_class=&#8220;news-content section-padding single-service-page our-features in-wrapper no-container&#8220;][vc_column width=&#8220;1\/3&#8243;][vc_widget_sidebar sidebar_id=&#8220;sidebar-1&#8243;][\/vc_column][vc_column width=&#8220;2\/3&#8243;][\/vc_column][\/vc_row][vc_row][vc_column][\/vc_column][\/vc_row]<\/p>\n","protected":false},"author":3,"featured_media":0,"parent":2260,"menu_order":0,"comment_status":"closed","ping_status":"closed","template":"tpl-visual_composer.php","meta":{"footnotes":""},"class_list":["post-2276","page","type-page","status-publish","hentry"],"yoast_head":"<!-- This site is optimized with the Yoast SEO plugin v26.6 - https:\/\/yoast.com\/wordpress\/plugins\/seo\/ -->\n<title>Grafick\u00e9 studio - Drukarnia Wydawnictwa ARKA<\/title>\n<meta name=\"robots\" content=\"index, follow, max-snippet:-1, max-image-preview:large, max-video-preview:-1\" \/>\n<link rel=\"canonical\" href=\"https:\/\/arkadruk.pl\/cs\/oddeleni\/graficke-studio\/\" \/>\n<meta property=\"og:locale\" content=\"cs_CZ\" \/>\n<meta property=\"og:type\" content=\"article\" \/>\n<meta property=\"og:title\" content=\"Grafick\u00e9 studio - Drukarnia Wydawnictwa ARKA\" \/>\n<meta property=\"og:description\" content=\"[vc_row container=&#8220;1&#8243; el_class=&#8220;news-content section-padding single-service-page our-features in-wrapper no-container&#8220;][vc_column width=&#8220;1\/3&#8243;][vc_widget_sidebar sidebar_id=&#8220;sidebar-1&#8243;][\/vc_column][vc_column width=&#8220;2\/3&#8243;][\/vc_column][\/vc_row][vc_row][vc_column][\/vc_column][\/vc_row]\" \/>\n<meta property=\"og:url\" content=\"https:\/\/arkadruk.pl\/cs\/oddeleni\/graficke-studio\/\" \/>\n<meta property=\"og:site_name\" content=\"Drukarnia Wydawnictwa ARKA\" \/>\n<meta property=\"article:publisher\" content=\"https:\/\/www.facebook.com\/ArkadrukCieszyn\/\" \/>\n<meta property=\"article:modified_time\" content=\"2019-03-18T06:38:21+00:00\" \/>\n<meta property=\"og:image\" content=\"https:\/\/arkadruk.pl\/wp-content\/uploads\/2019\/03\/pictogramarka-1.jpg\" \/>\n\t<meta property=\"og:image:width\" content=\"32\" \/>\n\t<meta property=\"og:image:height\" content=\"32\" \/>\n\t<meta property=\"og:image:type\" content=\"image\/jpeg\" \/>\n<meta name=\"twitter:card\" content=\"summary_large_image\" \/>\n<script type=\"application\/ld+json\" class=\"yoast-schema-graph\">{\"@context\":\"https:\/\/schema.org\",\"@graph\":[{\"@type\":\"WebPage\",\"@id\":\"https:\/\/arkadruk.pl\/cs\/oddeleni\/graficke-studio\/\",\"url\":\"https:\/\/arkadruk.pl\/cs\/oddeleni\/graficke-studio\/\",\"name\":\"Grafick\u00e9 studio - Drukarnia Wydawnictwa ARKA\",\"isPartOf\":{\"@id\":\"https:\/\/arkadruk.pl\/cs\/#website\"},\"datePublished\":\"2017-03-25T10:19:20+00:00\",\"dateModified\":\"2019-03-18T06:38:21+00:00\",\"breadcrumb\":{\"@id\":\"https:\/\/arkadruk.pl\/cs\/oddeleni\/graficke-studio\/#breadcrumb\"},\"inLanguage\":\"cs\",\"potentialAction\":[{\"@type\":\"ReadAction\",\"target\":[\"https:\/\/arkadruk.pl\/cs\/oddeleni\/graficke-studio\/\"]}]},{\"@type\":\"BreadcrumbList\",\"@id\":\"https:\/\/arkadruk.pl\/cs\/oddeleni\/graficke-studio\/#breadcrumb\",\"itemListElement\":[{\"@type\":\"ListItem\",\"position\":1,\"name\":\"Strona g\u0142\u00f3wna\",\"item\":\"https:\/\/arkadruk.pl\/cs\/\"},{\"@type\":\"ListItem\",\"position\":2,\"name\":\"Odd\u011blen\u00ed\",\"item\":\"https:\/\/arkadruk.pl\/cs\/oddeleni\/\"},{\"@type\":\"ListItem\",\"position\":3,\"name\":\"Grafick\u00e9 studio\"}]},{\"@type\":\"WebSite\",\"@id\":\"https:\/\/arkadruk.pl\/cs\/#website\",\"url\":\"https:\/\/arkadruk.pl\/cs\/\",\"name\":\"Drukarnia Wydawnictwa ARKA\",\"description\":\"Druk offsetowy, cyfrowy, oprawa - Arkadruk Cieszyn PL\",\"potentialAction\":[{\"@type\":\"SearchAction\",\"target\":{\"@type\":\"EntryPoint\",\"urlTemplate\":\"https:\/\/arkadruk.pl\/cs\/?s={search_term_string}\"},\"query-input\":{\"@type\":\"PropertyValueSpecification\",\"valueRequired\":true,\"valueName\":\"search_term_string\"}}],\"inLanguage\":\"cs\"}]}<\/script>\n<!-- \/ Yoast SEO plugin. -->","yoast_head_json":{"title":"Grafick\u00e9 studio - Drukarnia Wydawnictwa ARKA","robots":{"index":"index","follow":"follow","max-snippet":"max-snippet:-1","max-image-preview":"max-image-preview:large","max-video-preview":"max-video-preview:-1"},"canonical":"https:\/\/arkadruk.pl\/cs\/oddeleni\/graficke-studio\/","og_locale":"cs_CZ","og_type":"article","og_title":"Grafick\u00e9 studio - Drukarnia Wydawnictwa ARKA","og_description":"[vc_row container=&#8220;1&#8243; el_class=&#8220;news-content section-padding single-service-page our-features in-wrapper no-container&#8220;][vc_column width=&#8220;1\/3&#8243;][vc_widget_sidebar sidebar_id=&#8220;sidebar-1&#8243;][\/vc_column][vc_column width=&#8220;2\/3&#8243;][\/vc_column][\/vc_row][vc_row][vc_column][\/vc_column][\/vc_row]","og_url":"https:\/\/arkadruk.pl\/cs\/oddeleni\/graficke-studio\/","og_site_name":"Drukarnia Wydawnictwa ARKA","article_publisher":"https:\/\/www.facebook.com\/ArkadrukCieszyn\/","article_modified_time":"2019-03-18T06:38:21+00:00","og_image":[{"width":32,"height":32,"url":"https:\/\/arkadruk.pl\/wp-content\/uploads\/2019\/03\/pictogramarka-1.jpg","type":"image\/jpeg"}],"twitter_card":"summary_large_image","schema":{"@context":"https:\/\/schema.org","@graph":[{"@type":"WebPage","@id":"https:\/\/arkadruk.pl\/cs\/oddeleni\/graficke-studio\/","url":"https:\/\/arkadruk.pl\/cs\/oddeleni\/graficke-studio\/","name":"Grafick\u00e9 studio - Drukarnia Wydawnictwa ARKA","isPartOf":{"@id":"https:\/\/arkadruk.pl\/cs\/#website"},"datePublished":"2017-03-25T10:19:20+00:00","dateModified":"2019-03-18T06:38:21+00:00","breadcrumb":{"@id":"https:\/\/arkadruk.pl\/cs\/oddeleni\/graficke-studio\/#breadcrumb"},"inLanguage":"cs","potentialAction":[{"@type":"ReadAction","target":["https:\/\/arkadruk.pl\/cs\/oddeleni\/graficke-studio\/"]}]},{"@type":"BreadcrumbList","@id":"https:\/\/arkadruk.pl\/cs\/oddeleni\/graficke-studio\/#breadcrumb","itemListElement":[{"@type":"ListItem","position":1,"name":"Strona g\u0142\u00f3wna","item":"https:\/\/arkadruk.pl\/cs\/"},{"@type":"ListItem","position":2,"name":"Odd\u011blen\u00ed","item":"https:\/\/arkadruk.pl\/cs\/oddeleni\/"},{"@type":"ListItem","position":3,"name":"Grafick\u00e9 studio"}]},{"@type":"WebSite","@id":"https:\/\/arkadruk.pl\/cs\/#website","url":"https:\/\/arkadruk.pl\/cs\/","name":"Drukarnia Wydawnictwa ARKA","description":"Druk offsetowy, cyfrowy, oprawa - Arkadruk Cieszyn PL","potentialAction":[{"@type":"SearchAction","target":{"@type":"EntryPoint","urlTemplate":"https:\/\/arkadruk.pl\/cs\/?s={search_term_string}"},"query-input":{"@type":"PropertyValueSpecification","valueRequired":true,"valueName":"search_term_string"}}],"inLanguage":"cs"}]}},"_links":{"self":[{"href":"https:\/\/arkadruk.pl\/cs\/wp-json\/wp\/v2\/pages\/2276","targetHints":{"allow":["GET"]}}],"collection":[{"href":"https:\/\/arkadruk.pl\/cs\/wp-json\/wp\/v2\/pages"}],"about":[{"href":"https:\/\/arkadruk.pl\/cs\/wp-json\/wp\/v2\/types\/page"}],"author":[{"embeddable":true,"href":"https:\/\/arkadruk.pl\/cs\/wp-json\/wp\/v2\/users\/3"}],"replies":[{"embeddable":true,"href":"https:\/\/arkadruk.pl\/cs\/wp-json\/wp\/v2\/comments?post=2276"}],"version-history":[{"count":5,"href":"https:\/\/arkadruk.pl\/cs\/wp-json\/wp\/v2\/pages\/2276\/revisions"}],"predecessor-version":[{"id":2396,"href":"https:\/\/arkadruk.pl\/cs\/wp-json\/wp\/v2\/pages\/2276\/revisions\/2396"}],"up":[{"embeddable":true,"href":"https:\/\/arkadruk.pl\/cs\/wp-json\/wp\/v2\/pages\/2260"}],"wp:attachment":[{"href":"https:\/\/arkadruk.pl\/cs\/wp-json\/wp\/v2\/media?parent=2276"}],"curies":[{"name":"wp","href":"https:\/\/api.w.org\/{rel}","templated":true}]}}