{"id":521,"date":"2017-03-25T11:19:41","date_gmt":"2017-03-25T10:19:41","guid":{"rendered":"http:\/\/beta.arkadruk.pl\/?page_id=521"},"modified":"2020-10-08T11:47:57","modified_gmt":"2020-10-08T09:47:57","slug":"druk-cyfrowy","status":"publish","type":"page","link":"https:\/\/arkadruk.pl\/de\/dzialy\/druk-cyfrowy\/","title":{"rendered":"Druk cyfrowy"},"content":{"rendered":"<p>[vc_row container=&#8220;1&#8243; el_class=&#8220;news-content section-padding single-service-page our-features in-wrapper no-container&#8220;][vc_column width=&#8220;1\/3&#8243;][vc_widget_sidebar sidebar_id=&#8220;sidebar-3&#8243;][\/vc_column][vc_column width=&#8220;2\/3&#8243;]\n<div class=\"outer\">\n    <div class=\"text-box display-tcm pr-20\">\n        <div class=\"section-title inner\">\n            <h2>Druk cyfrowy<\/h2>\n            <span class=\"decor\"><\/span>\n        <\/div>\n        <div class=\"text\">\n            <p>Ksi\u0105\u017cki w niskich nak\u0142adach drukujemy cyfrowo na urz\u0105dzeniu produkcyjnym firmy OCE, a niskonak\u0142adowe druki kolorowe na dw\u00f3ch maszynach z serii image Press firmy Canon. <\/p>\n            <br>\n            <p><\/p>\n        <\/div>\n    <\/div>\n    <div class=\"img-box display-tcm\">\n        <a href=\"\"><img decoding=\"async\" src=\"\" alt=\"\"><\/a>\n    <\/div>\n        \n<\/div>\n<br><br>\n<div class=\"border-bottom\"><\/div>\n<br><br>\n\n[\/vc_column][\/vc_row][vc_row][vc_column]\n<section class=\"call-to-action-home\" style=\"background: url('https:\/\/arkadruk.pl\/wp-content\/uploads\/2017\/12\/tlo-zolte-1.jpg');\">\n\t<div class=\"container\">\n\t\t<p><b><b>Mo\u017cesz zam\u00f3wi\u0107 ksi\u0105\u017ck\u0119 ju\u017c od 1 szt.!!!<\/b><\/b><\/p>\n\t<\/div>\n<\/section>\n\n[\/vc_column][\/vc_row]<\/p>\n","protected":false},"excerpt":{"rendered":"<p>[vc_row container=&#8220;1&#8243; el_class=&#8220;news-content section-padding single-service-page our-features in-wrapper no-container&#8220;][vc_column width=&#8220;1\/3&#8243;][vc_widget_sidebar sidebar_id=&#8220;sidebar-3&#8243;][\/vc_column][vc_column width=&#8220;2\/3&#8243;][\/vc_column][\/vc_row][vc_row][vc_column][\/vc_column][\/vc_row]<\/p>\n","protected":false},"author":3,"featured_media":0,"parent":229,"menu_order":0,"comment_status":"closed","ping_status":"closed","template":"tpl-visual_composer.php","meta":{"footnotes":""},"class_list":["post-521","page","type-page","status-publish","hentry"],"yoast_head":"<!-- This site is optimized with the Yoast SEO plugin v26.6 - https:\/\/yoast.com\/wordpress\/plugins\/seo\/ -->\n<title>Druk cyfrowy - Drukarnia Wydawnictwa ARKA<\/title>\n<meta name=\"description\" content=\"Druk cyfrowy ksi\u0105\u017cek, kalendarzy, magazyn\u00f3w, album\u00f3w, broszur, plakat\u00f3w zaprosze\u0144, naklejek, wizyt\u00f3wek, etykiet, notatnik\u00f3w, notes\u00f3w, ulotek. Wydawnictwo - drukarnia Arka, Cieszyn, PL\" \/>\n<meta name=\"robots\" content=\"index, follow, max-snippet:-1, max-image-preview:large, max-video-preview:-1\" \/>\n<link rel=\"canonical\" href=\"https:\/\/arkadruk.pl\/de\/dzialy\/druk-cyfrowy\/\" \/>\n<meta property=\"og:locale\" content=\"de_DE\" \/>\n<meta property=\"og:type\" content=\"article\" \/>\n<meta property=\"og:title\" content=\"Druk cyfrowy - Drukarnia Wydawnictwa ARKA\" \/>\n<meta property=\"og:description\" content=\"Druk cyfrowy ksi\u0105\u017cek, kalendarzy, magazyn\u00f3w, album\u00f3w, broszur, plakat\u00f3w zaprosze\u0144, naklejek, wizyt\u00f3wek, etykiet, notatnik\u00f3w, notes\u00f3w, ulotek. Wydawnictwo - drukarnia Arka, Cieszyn, PL\" \/>\n<meta property=\"og:url\" content=\"https:\/\/arkadruk.pl\/de\/dzialy\/druk-cyfrowy\/\" \/>\n<meta property=\"og:site_name\" content=\"Drukarnia Wydawnictwa ARKA\" \/>\n<meta property=\"article:publisher\" content=\"https:\/\/www.facebook.com\/ArkadrukCieszyn\/\" \/>\n<meta property=\"article:modified_time\" content=\"2020-10-08T09:47:57+00:00\" \/>\n<meta property=\"og:image\" content=\"https:\/\/arkadruk.pl\/wp-content\/uploads\/2019\/03\/pictogramarka-1.jpg\" \/>\n\t<meta property=\"og:image:width\" content=\"32\" \/>\n\t<meta property=\"og:image:height\" content=\"32\" \/>\n\t<meta property=\"og:image:type\" content=\"image\/jpeg\" \/>\n<meta name=\"twitter:card\" content=\"summary_large_image\" \/>\n<script type=\"application\/ld+json\" class=\"yoast-schema-graph\">{\"@context\":\"https:\/\/schema.org\",\"@graph\":[{\"@type\":\"WebPage\",\"@id\":\"https:\/\/arkadruk.pl\/de\/dzialy\/druk-cyfrowy\/\",\"url\":\"https:\/\/arkadruk.pl\/de\/dzialy\/druk-cyfrowy\/\",\"name\":\"Druk cyfrowy - Drukarnia Wydawnictwa ARKA\",\"isPartOf\":{\"@id\":\"https:\/\/arkadruk.pl\/de\/#website\"},\"datePublished\":\"2017-03-25T10:19:41+00:00\",\"dateModified\":\"2020-10-08T09:47:57+00:00\",\"description\":\"Druk cyfrowy ksi\u0105\u017cek, kalendarzy, magazyn\u00f3w, album\u00f3w, broszur, plakat\u00f3w zaprosze\u0144, naklejek, wizyt\u00f3wek, etykiet, notatnik\u00f3w, notes\u00f3w, ulotek. Wydawnictwo - drukarnia Arka, Cieszyn, PL\",\"breadcrumb\":{\"@id\":\"https:\/\/arkadruk.pl\/de\/dzialy\/druk-cyfrowy\/#breadcrumb\"},\"inLanguage\":\"de\",\"potentialAction\":[{\"@type\":\"ReadAction\",\"target\":[\"https:\/\/arkadruk.pl\/de\/dzialy\/druk-cyfrowy\/\"]}]},{\"@type\":\"BreadcrumbList\",\"@id\":\"https:\/\/arkadruk.pl\/de\/dzialy\/druk-cyfrowy\/#breadcrumb\",\"itemListElement\":[{\"@type\":\"ListItem\",\"position\":1,\"name\":\"Strona g\u0142\u00f3wna\",\"item\":\"https:\/\/arkadruk.pl\/de\/\"},{\"@type\":\"ListItem\",\"position\":2,\"name\":\"Dzia\u0142y\",\"item\":\"https:\/\/arkadruk.pl\/de\/dzialy\/\"},{\"@type\":\"ListItem\",\"position\":3,\"name\":\"Druk cyfrowy\"}]},{\"@type\":\"WebSite\",\"@id\":\"https:\/\/arkadruk.pl\/de\/#website\",\"url\":\"https:\/\/arkadruk.pl\/de\/\",\"name\":\"Drukarnia Wydawnictwa ARKA\",\"description\":\"Druk offsetowy, cyfrowy, oprawa - Arkadruk Cieszyn PL\",\"potentialAction\":[{\"@type\":\"SearchAction\",\"target\":{\"@type\":\"EntryPoint\",\"urlTemplate\":\"https:\/\/arkadruk.pl\/de\/?s={search_term_string}\"},\"query-input\":{\"@type\":\"PropertyValueSpecification\",\"valueRequired\":true,\"valueName\":\"search_term_string\"}}],\"inLanguage\":\"de\"}]}<\/script>\n<!-- \/ Yoast SEO plugin. -->","yoast_head_json":{"title":"Druk cyfrowy - Drukarnia Wydawnictwa ARKA","description":"Druk cyfrowy ksi\u0105\u017cek, kalendarzy, magazyn\u00f3w, album\u00f3w, broszur, plakat\u00f3w zaprosze\u0144, naklejek, wizyt\u00f3wek, etykiet, notatnik\u00f3w, notes\u00f3w, ulotek. Wydawnictwo - drukarnia Arka, Cieszyn, PL","robots":{"index":"index","follow":"follow","max-snippet":"max-snippet:-1","max-image-preview":"max-image-preview:large","max-video-preview":"max-video-preview:-1"},"canonical":"https:\/\/arkadruk.pl\/de\/dzialy\/druk-cyfrowy\/","og_locale":"de_DE","og_type":"article","og_title":"Druk cyfrowy - Drukarnia Wydawnictwa ARKA","og_description":"Druk cyfrowy ksi\u0105\u017cek, kalendarzy, magazyn\u00f3w, album\u00f3w, broszur, plakat\u00f3w zaprosze\u0144, naklejek, wizyt\u00f3wek, etykiet, notatnik\u00f3w, notes\u00f3w, ulotek. Wydawnictwo - drukarnia Arka, Cieszyn, PL","og_url":"https:\/\/arkadruk.pl\/de\/dzialy\/druk-cyfrowy\/","og_site_name":"Drukarnia Wydawnictwa ARKA","article_publisher":"https:\/\/www.facebook.com\/ArkadrukCieszyn\/","article_modified_time":"2020-10-08T09:47:57+00:00","og_image":[{"width":32,"height":32,"url":"https:\/\/arkadruk.pl\/wp-content\/uploads\/2019\/03\/pictogramarka-1.jpg","type":"image\/jpeg"}],"twitter_card":"summary_large_image","schema":{"@context":"https:\/\/schema.org","@graph":[{"@type":"WebPage","@id":"https:\/\/arkadruk.pl\/de\/dzialy\/druk-cyfrowy\/","url":"https:\/\/arkadruk.pl\/de\/dzialy\/druk-cyfrowy\/","name":"Druk cyfrowy - Drukarnia Wydawnictwa ARKA","isPartOf":{"@id":"https:\/\/arkadruk.pl\/de\/#website"},"datePublished":"2017-03-25T10:19:41+00:00","dateModified":"2020-10-08T09:47:57+00:00","description":"Druk cyfrowy ksi\u0105\u017cek, kalendarzy, magazyn\u00f3w, album\u00f3w, broszur, plakat\u00f3w zaprosze\u0144, naklejek, wizyt\u00f3wek, etykiet, notatnik\u00f3w, notes\u00f3w, ulotek. Wydawnictwo - drukarnia Arka, Cieszyn, PL","breadcrumb":{"@id":"https:\/\/arkadruk.pl\/de\/dzialy\/druk-cyfrowy\/#breadcrumb"},"inLanguage":"de","potentialAction":[{"@type":"ReadAction","target":["https:\/\/arkadruk.pl\/de\/dzialy\/druk-cyfrowy\/"]}]},{"@type":"BreadcrumbList","@id":"https:\/\/arkadruk.pl\/de\/dzialy\/druk-cyfrowy\/#breadcrumb","itemListElement":[{"@type":"ListItem","position":1,"name":"Strona g\u0142\u00f3wna","item":"https:\/\/arkadruk.pl\/de\/"},{"@type":"ListItem","position":2,"name":"Dzia\u0142y","item":"https:\/\/arkadruk.pl\/de\/dzialy\/"},{"@type":"ListItem","position":3,"name":"Druk cyfrowy"}]},{"@type":"WebSite","@id":"https:\/\/arkadruk.pl\/de\/#website","url":"https:\/\/arkadruk.pl\/de\/","name":"Drukarnia Wydawnictwa ARKA","description":"Druk offsetowy, cyfrowy, oprawa - Arkadruk Cieszyn PL","potentialAction":[{"@type":"SearchAction","target":{"@type":"EntryPoint","urlTemplate":"https:\/\/arkadruk.pl\/de\/?s={search_term_string}"},"query-input":{"@type":"PropertyValueSpecification","valueRequired":true,"valueName":"search_term_string"}}],"inLanguage":"de"}]}},"_links":{"self":[{"href":"https:\/\/arkadruk.pl\/de\/wp-json\/wp\/v2\/pages\/521","targetHints":{"allow":["GET"]}}],"collection":[{"href":"https:\/\/arkadruk.pl\/de\/wp-json\/wp\/v2\/pages"}],"about":[{"href":"https:\/\/arkadruk.pl\/de\/wp-json\/wp\/v2\/types\/page"}],"author":[{"embeddable":true,"href":"https:\/\/arkadruk.pl\/de\/wp-json\/wp\/v2\/users\/3"}],"replies":[{"embeddable":true,"href":"https:\/\/arkadruk.pl\/de\/wp-json\/wp\/v2\/comments?post=521"}],"version-history":[{"count":5,"href":"https:\/\/arkadruk.pl\/de\/wp-json\/wp\/v2\/pages\/521\/revisions"}],"predecessor-version":[{"id":1684,"href":"https:\/\/arkadruk.pl\/de\/wp-json\/wp\/v2\/pages\/521\/revisions\/1684"}],"up":[{"embeddable":true,"href":"https:\/\/arkadruk.pl\/de\/wp-json\/wp\/v2\/pages\/229"}],"wp:attachment":[{"href":"https:\/\/arkadruk.pl\/de\/wp-json\/wp\/v2\/media?parent=521"}],"curies":[{"name":"wp","href":"https:\/\/api.w.org\/{rel}","templated":true}]}}