{"id":527,"date":"2017-03-25T11:21:16","date_gmt":"2017-03-25T10:21:16","guid":{"rendered":"http:\/\/beta.arkadruk.pl\/?page_id=527"},"modified":"2017-12-12T13:11:45","modified_gmt":"2017-12-12T12:11:45","slug":"ekspedycja","status":"publish","type":"page","link":"https:\/\/arkadruk.pl\/de\/dzialy\/ekspedycja\/","title":{"rendered":"Ekspedycja"},"content":{"rendered":"<p>[vc_row container=&#8220;1&#8243; el_class=&#8220;news-content section-padding single-service-page our-features in-wrapper no-container&#8220;][vc_column width=&#8220;1\/3&#8243;][vc_widget_sidebar sidebar_id=&#8220;sidebar-6&#8243;][\/vc_column][vc_column width=&#8220;2\/3&#8243;]\n<div class=\"outer\">\n    <div class=\"text-box display-tcm pr-20\">\n        <div class=\"section-title inner\">\n            <h2>Ekspedycja<\/h2>\n            <span class=\"decor\"><\/span>\n        <\/div>\n        <div class=\"text\">\n            <p>Gotowe ksi\u0105\u017cki pakujemy pojedynczo w foli\u0119 termokurczliw\u0105, w papier pakowy lub opakowania kartonowe dostosowane do formatu.<\/p>\n<p>Wyznajemy zasad\u0119, \u017ce dobrze zapakowany produkt do wysy\u0142ki to zar\u00f3wno gwarancja bezpiecze\u0144stwa w transporcie, jak i w magazynowaniu oraz dystrybucji.<\/p>\n            <br>\n            <p>Zapakowane materia\u0142y dostarczamy w ci\u0105gu 24 godzin pod wskazany adres w Polsce lub na terenie Unii Europejskiej.<\/p>\n<p>Najcz\u0119\u015bciej korzystamy z w\u0142asnego transportu (3 samochody dostawcze) lub z firm kurierskich takich jak DHL, UPS, RABEN i FEDEX.<\/p>\n        <\/div>\n    <\/div>\n    <div class=\"img-box display-tcm\">\n        <a href=\"#\"><img decoding=\"async\" src=\"\" alt=\"\"><\/a>\n    <\/div>\n        \n<\/div>\n<br><br>\n<div class=\"border-bottom\"><\/div>\n<br><br>\n\n[\/vc_column][\/vc_row]<\/p>\n","protected":false},"excerpt":{"rendered":"<p>[vc_row container=&#8220;1&#8243; el_class=&#8220;news-content section-padding single-service-page our-features in-wrapper no-container&#8220;][vc_column width=&#8220;1\/3&#8243;][vc_widget_sidebar sidebar_id=&#8220;sidebar-6&#8243;][\/vc_column][vc_column width=&#8220;2\/3&#8243;][\/vc_column][\/vc_row]<\/p>\n","protected":false},"author":3,"featured_media":0,"parent":229,"menu_order":0,"comment_status":"closed","ping_status":"closed","template":"tpl-visual_composer.php","meta":{"footnotes":""},"class_list":["post-527","page","type-page","status-publish","hentry"],"yoast_head":"<!-- This site is optimized with the Yoast SEO plugin v26.6 - https:\/\/yoast.com\/wordpress\/plugins\/seo\/ -->\n<title>Ekspedycja - Drukarnia Wydawnictwa ARKA<\/title>\n<meta name=\"robots\" content=\"index, follow, max-snippet:-1, max-image-preview:large, max-video-preview:-1\" \/>\n<link rel=\"canonical\" href=\"https:\/\/arkadruk.pl\/de\/dzialy\/ekspedycja\/\" \/>\n<meta property=\"og:locale\" content=\"de_DE\" \/>\n<meta property=\"og:type\" content=\"article\" \/>\n<meta property=\"og:title\" content=\"Ekspedycja - Drukarnia Wydawnictwa ARKA\" \/>\n<meta property=\"og:description\" content=\"[vc_row container=&#8220;1&#8243; el_class=&#8220;news-content section-padding single-service-page our-features in-wrapper no-container&#8220;][vc_column width=&#8220;1\/3&#8243;][vc_widget_sidebar sidebar_id=&#8220;sidebar-6&#8243;][\/vc_column][vc_column width=&#8220;2\/3&#8243;][\/vc_column][\/vc_row]\" \/>\n<meta property=\"og:url\" content=\"https:\/\/arkadruk.pl\/de\/dzialy\/ekspedycja\/\" \/>\n<meta property=\"og:site_name\" content=\"Drukarnia Wydawnictwa ARKA\" \/>\n<meta property=\"article:publisher\" content=\"https:\/\/www.facebook.com\/ArkadrukCieszyn\/\" \/>\n<meta property=\"article:modified_time\" content=\"2017-12-12T12:11:45+00:00\" \/>\n<meta property=\"og:image\" content=\"https:\/\/arkadruk.pl\/wp-content\/uploads\/2019\/03\/pictogramarka-1.jpg\" \/>\n\t<meta property=\"og:image:width\" content=\"32\" \/>\n\t<meta property=\"og:image:height\" content=\"32\" \/>\n\t<meta property=\"og:image:type\" content=\"image\/jpeg\" \/>\n<meta name=\"twitter:card\" content=\"summary_large_image\" \/>\n<script type=\"application\/ld+json\" class=\"yoast-schema-graph\">{\"@context\":\"https:\/\/schema.org\",\"@graph\":[{\"@type\":\"WebPage\",\"@id\":\"https:\/\/arkadruk.pl\/de\/dzialy\/ekspedycja\/\",\"url\":\"https:\/\/arkadruk.pl\/de\/dzialy\/ekspedycja\/\",\"name\":\"Ekspedycja - Drukarnia Wydawnictwa ARKA\",\"isPartOf\":{\"@id\":\"https:\/\/arkadruk.pl\/de\/#website\"},\"datePublished\":\"2017-03-25T10:21:16+00:00\",\"dateModified\":\"2017-12-12T12:11:45+00:00\",\"breadcrumb\":{\"@id\":\"https:\/\/arkadruk.pl\/de\/dzialy\/ekspedycja\/#breadcrumb\"},\"inLanguage\":\"de\",\"potentialAction\":[{\"@type\":\"ReadAction\",\"target\":[\"https:\/\/arkadruk.pl\/de\/dzialy\/ekspedycja\/\"]}]},{\"@type\":\"BreadcrumbList\",\"@id\":\"https:\/\/arkadruk.pl\/de\/dzialy\/ekspedycja\/#breadcrumb\",\"itemListElement\":[{\"@type\":\"ListItem\",\"position\":1,\"name\":\"Strona g\u0142\u00f3wna\",\"item\":\"https:\/\/arkadruk.pl\/de\/\"},{\"@type\":\"ListItem\",\"position\":2,\"name\":\"Dzia\u0142y\",\"item\":\"https:\/\/arkadruk.pl\/de\/dzialy\/\"},{\"@type\":\"ListItem\",\"position\":3,\"name\":\"Ekspedycja\"}]},{\"@type\":\"WebSite\",\"@id\":\"https:\/\/arkadruk.pl\/de\/#website\",\"url\":\"https:\/\/arkadruk.pl\/de\/\",\"name\":\"Drukarnia Wydawnictwa ARKA\",\"description\":\"Druk offsetowy, cyfrowy, oprawa - Arkadruk Cieszyn PL\",\"potentialAction\":[{\"@type\":\"SearchAction\",\"target\":{\"@type\":\"EntryPoint\",\"urlTemplate\":\"https:\/\/arkadruk.pl\/de\/?s={search_term_string}\"},\"query-input\":{\"@type\":\"PropertyValueSpecification\",\"valueRequired\":true,\"valueName\":\"search_term_string\"}}],\"inLanguage\":\"de\"}]}<\/script>\n<!-- \/ Yoast SEO plugin. -->","yoast_head_json":{"title":"Ekspedycja - Drukarnia Wydawnictwa ARKA","robots":{"index":"index","follow":"follow","max-snippet":"max-snippet:-1","max-image-preview":"max-image-preview:large","max-video-preview":"max-video-preview:-1"},"canonical":"https:\/\/arkadruk.pl\/de\/dzialy\/ekspedycja\/","og_locale":"de_DE","og_type":"article","og_title":"Ekspedycja - Drukarnia Wydawnictwa ARKA","og_description":"[vc_row container=&#8220;1&#8243; el_class=&#8220;news-content section-padding single-service-page our-features in-wrapper no-container&#8220;][vc_column width=&#8220;1\/3&#8243;][vc_widget_sidebar sidebar_id=&#8220;sidebar-6&#8243;][\/vc_column][vc_column width=&#8220;2\/3&#8243;][\/vc_column][\/vc_row]","og_url":"https:\/\/arkadruk.pl\/de\/dzialy\/ekspedycja\/","og_site_name":"Drukarnia Wydawnictwa ARKA","article_publisher":"https:\/\/www.facebook.com\/ArkadrukCieszyn\/","article_modified_time":"2017-12-12T12:11:45+00:00","og_image":[{"width":32,"height":32,"url":"https:\/\/arkadruk.pl\/wp-content\/uploads\/2019\/03\/pictogramarka-1.jpg","type":"image\/jpeg"}],"twitter_card":"summary_large_image","schema":{"@context":"https:\/\/schema.org","@graph":[{"@type":"WebPage","@id":"https:\/\/arkadruk.pl\/de\/dzialy\/ekspedycja\/","url":"https:\/\/arkadruk.pl\/de\/dzialy\/ekspedycja\/","name":"Ekspedycja - Drukarnia Wydawnictwa ARKA","isPartOf":{"@id":"https:\/\/arkadruk.pl\/de\/#website"},"datePublished":"2017-03-25T10:21:16+00:00","dateModified":"2017-12-12T12:11:45+00:00","breadcrumb":{"@id":"https:\/\/arkadruk.pl\/de\/dzialy\/ekspedycja\/#breadcrumb"},"inLanguage":"de","potentialAction":[{"@type":"ReadAction","target":["https:\/\/arkadruk.pl\/de\/dzialy\/ekspedycja\/"]}]},{"@type":"BreadcrumbList","@id":"https:\/\/arkadruk.pl\/de\/dzialy\/ekspedycja\/#breadcrumb","itemListElement":[{"@type":"ListItem","position":1,"name":"Strona g\u0142\u00f3wna","item":"https:\/\/arkadruk.pl\/de\/"},{"@type":"ListItem","position":2,"name":"Dzia\u0142y","item":"https:\/\/arkadruk.pl\/de\/dzialy\/"},{"@type":"ListItem","position":3,"name":"Ekspedycja"}]},{"@type":"WebSite","@id":"https:\/\/arkadruk.pl\/de\/#website","url":"https:\/\/arkadruk.pl\/de\/","name":"Drukarnia Wydawnictwa ARKA","description":"Druk offsetowy, cyfrowy, oprawa - Arkadruk Cieszyn PL","potentialAction":[{"@type":"SearchAction","target":{"@type":"EntryPoint","urlTemplate":"https:\/\/arkadruk.pl\/de\/?s={search_term_string}"},"query-input":{"@type":"PropertyValueSpecification","valueRequired":true,"valueName":"search_term_string"}}],"inLanguage":"de"}]}},"_links":{"self":[{"href":"https:\/\/arkadruk.pl\/de\/wp-json\/wp\/v2\/pages\/527","targetHints":{"allow":["GET"]}}],"collection":[{"href":"https:\/\/arkadruk.pl\/de\/wp-json\/wp\/v2\/pages"}],"about":[{"href":"https:\/\/arkadruk.pl\/de\/wp-json\/wp\/v2\/types\/page"}],"author":[{"embeddable":true,"href":"https:\/\/arkadruk.pl\/de\/wp-json\/wp\/v2\/users\/3"}],"replies":[{"embeddable":true,"href":"https:\/\/arkadruk.pl\/de\/wp-json\/wp\/v2\/comments?post=527"}],"version-history":[{"count":5,"href":"https:\/\/arkadruk.pl\/de\/wp-json\/wp\/v2\/pages\/527\/revisions"}],"predecessor-version":[{"id":1698,"href":"https:\/\/arkadruk.pl\/de\/wp-json\/wp\/v2\/pages\/527\/revisions\/1698"}],"up":[{"embeddable":true,"href":"https:\/\/arkadruk.pl\/de\/wp-json\/wp\/v2\/pages\/229"}],"wp:attachment":[{"href":"https:\/\/arkadruk.pl\/de\/wp-json\/wp\/v2\/media?parent=527"}],"curies":[{"name":"wp","href":"https:\/\/api.w.org\/{rel}","templated":true}]}}