{"id":7,"date":"2016-11-17T11:39:26","date_gmt":"2016-11-17T11:39:26","guid":{"rendered":"http:\/\/asianitbd.com\/wp\/industries\/?page_id=7"},"modified":"2023-05-26T17:29:58","modified_gmt":"2023-05-26T15:29:58","slug":"drukarnia-offsetowa-cyfrowa-oprawa-introligatorska-arka","status":"publish","type":"page","link":"https:\/\/arkadruk.pl\/de\/","title":{"rendered":"Strona g\u0142\u00f3wna"},"content":{"rendered":"<p>[vc_row el_class=&#8220;slider1&#8243;][vc_column][vc_column_text]<!-- [rev_slider_vc alias=\"Home\"] -->[\/vc_column_text][\/vc_column][\/vc_row][vc_row content_placement=&#8220;bottom&#8220; container=&#8220;1&#8243; css=&#8220;.vc_custom_1548323484819{background-color: #ffd84c !important;}&#8220;][vc_column][\/vc_column][\/vc_row][vc_row][vc_column][vc_column_text css_animation=&#8220;fadeIn&#8220;]<\/p>\n<p>&nbsp;<\/p>\n<p>&nbsp;<\/p>\n<p>[\/vc_column_text][\/vc_column][\/vc_row][vc_row el_class=&#8220;slider1&#8243;][vc_column width=&#8220;1\/3&#8243;][vc_column_text]<!-- [rev_slider_vc alias=\"Home\"] -->[\/vc_column_text][\/vc_column][vc_column width=&#8220;1\/3&#8243;][vc_raw_html el_id=&#8220;FB-video&#8220;]JTNDZGl2JTIwaWQlM0QlMjJmYi1yb290JTIyJTNFJTNDJTJGZGl2JTNFJTBBJTNDc2NyaXB0JTIwYXN5bmMlMjBkZWZlciUyMGNyb3Nzb3JpZ2luJTNEJTIyYW5vbnltb3VzJTIyJTIwc3JjJTNEJTIyaHR0cHMlM0ElMkYlMkZjb25uZWN0LmZhY2Vib29rLm5ldCUyRnBsX1BMJTJGc2RrLmpzJTIzeGZibWwlM0QxJTI2dmVyc2lvbiUzRHYxMi4wJTIyJTIwbm9uY2UlM0QlMjJkRkg4cGpxViUyMiUzRSUzQyUyRnNjcmlwdCUzRSUwQSUwQSUzQ2RpdiUyMGNsYXNzJTNEJTIyZmItdmlkZW8lMjIlMjBtYXJnaW4lM0QlMjJhdXRvJTIyJTIwcGFkZGluZyUzRCUyMjEwcHglMjIlMjBkYXRhLWhyZWYlM0QlMjJodHRwcyUzQSUyRiUyRnd3dy5mYWNlYm9vay5jb20lMkZBcmthZHJ1a0NpZXN6eW4lMkZ2aWRlb3MlMkYxMTc2MDgxMDc2MTQ2NTUwJTJGJTIyJTIwZGF0YS13aWR0aCUzRCUyMjgwMCUyMiUyMGRhdGEtaGVpZ2h0JTNEJTIyNjAwJTIyJTIwZGF0YS1zaG93LXRleHQlM0QlMjJmYWxzZSUyMiUzRSUzQyUyRmRpdiUzRQ==[\/vc_raw_html][\/vc_column][vc_column width=&#8220;1\/3&#8243;][\/vc_column][\/vc_row][vc_row][vc_column][vc_column_text css_animation=&#8220;fadeIn&#8220;]<\/p>\n<p>&nbsp;<\/p>\n<p>&nbsp;<\/p>\n<p>[\/vc_column_text][\/vc_column][\/vc_row][vc_row][vc_column][vc_column_text]<\/p>\n<h2 style=\"text-align: center;\"><strong>Maszyny i urz\u0105dzenia do produkcji ksi\u0105\u017cek w oprawie twardej<\/strong><br \/>\n<strong>firmy Schmedt GmbH &amp; Co KG<\/strong><\/h2>\n<p>[\/vc_column_text][\/vc_column][\/vc_row][vc_row][vc_column offset=&#8220;vc_hidden-lg vc_hidden-md vc_hidden-sm vc_hidden-xs&#8220;][vc_column_text]<\/p>\n<h2 style=\"text-align: center;\">Urz\u0105dzenie VarioPrint 6330 TITAN<\/h2>\n<h4><\/h4>\n<h4 style=\"text-align: center;\">rewolucyjne rozwi\u0105zanie w segmencie system\u00f3w monochromatycznych<\/h4>\n<p>[\/vc_column_text][\/vc_column][\/vc_row][vc_row css=&#8220;.vc_custom_1517923421862{margin-top: 30px !important;margin-bottom: 100px !important;}&#8220;][vc_column][vc_single_image image=&#8220;2445&#8243; img_size=&#8220;large&#8220; alignment=&#8220;center&#8220; style=&#8220;vc_box_shadow_3d&#8220; css=&#8220;.vc_custom_1580214615000{margin-right: 20px !important;border-left-width: 100px !important;}&#8220;][\/vc_column][\/vc_row][vc_row][vc_column]\n<section class=\"call-to-action-home\" style=\"background: url('https:\/\/arkadruk.pl\/wp-content\/uploads\/2016\/11\/tlo-black.jpg');\">\n\t<div class=\"container\">\n\t\t<p><\/p>\n\t<\/div>\n<\/section>\n\n[\/vc_column][\/vc_row][vc_row][vc_column] \n[\/vc_column][\/vc_row][vc_row][vc_column]\n<section class=\"call-to-action-home\" style=\"background: url('https:\/\/arkadruk.pl\/wp-content\/uploads\/2016\/11\/tlo-black.jpg');\">\n\t<div class=\"container\">\n\t\t<p><span style=\"color: white;\">Gwarancj\u0105 naszej jako\u015bci s\u0105 setki zadowolonych klient\u00f3w. Do\u0142\u0105cz do nich.<\/span><br \/>\n<a href=\"https:\/\/arkadruk.pl\/kontakt\/\"><span style=\"color: white;\">Przyjd\u017a, zadzwo\u0144, napisz \u2013 warto!<\/span><\/a><\/p>\n\t<\/div>\n<\/section>\n\n[\/vc_column][\/vc_row][vc_row css_animation=&#8220;none&#8220; container=&#8220;1&#8243;][vc_column] \n[\/vc_column][\/vc_row][vc_row][vc_column]\n<section class=\"call-to-action-home\" style=\"background: url('https:\/\/arkadruk.pl\/wp-content\/uploads\/2017\/12\/tlo-zolte-1.jpg');\">\n\t<div class=\"container\">\n\t\t<p>Potrzebujesz wydrukowa\u0107 ksi\u0105\u017ck\u0119, czasopismo, katalog, album, broszur\u0119, gazetk\u0119, kalendarz, plakat, ulotk\u0119, teczk\u0119, zaproszenia, naklejki, wizyt\u00f3wki, notesy\u2026 itp.<br \/>\n<a href=\"https:\/\/arkadruk.pl\/kontakt\/\">Skontaktuj si\u0119 z nami ju\u017c dzi\u015b, a zaproponujemy Ci najkorzystniejsze rozwi\u0105zanie!<\/a> <\/p>\n\t<\/div>\n<\/section>\n\n[\/vc_column][\/vc_row][vc_row][vc_column offset=&#8220;vc_hidden-lg vc_hidden-md vc_hidden-sm vc_hidden-xs&#8220;][\/vc_column][\/vc_row]<\/p>\n","protected":false},"excerpt":{"rendered":"<p>[vc_row el_class=&#8220;slider1&#8243;][vc_column][vc_column_text][\/vc_column_text][\/vc_column][\/vc_row][vc_row content_placement=&#8220;bottom&#8220; container=&#8220;1&#8243; css=&#8220;.vc_custom_1548323484819{background-color: #ffd84c !important;}&#8220;][vc_column][\/vc_column][\/vc_row][vc_row][vc_column][vc_column_text css_animation=&#8220;fadeIn&#8220;] &nbsp; &nbsp; [\/vc_column_text][\/vc_column][\/vc_row][vc_row el_class=&#8220;slider1&#8243;][vc_column width=&#8220;1\/3&#8243;][vc_column_text][\/vc_column_text][\/vc_column][vc_column width=&#8220;1\/3&#8243;][vc_raw_html el_id=&#8220;FB-video&#8220;]JTNDZGl2JTIwaWQlM0QlMjJmYi1yb290JTIyJTNFJTNDJTJGZGl2JTNFJTBBJTNDc2NyaXB0JTIwYXN5bmMlMjBkZWZlciUyMGNyb3Nzb3JpZ2luJTNEJTIyYW5vbnltb3VzJTIyJTIwc3JjJTNEJTIyaHR0cHMlM0ElMkYlMkZjb25uZWN0LmZhY2Vib29rLm5ldCUyRnBsX1BMJTJGc2RrLmpzJTIzeGZibWwlM0QxJTI2dmVyc2lvbiUzRHYxMi4wJTIyJTIwbm9uY2UlM0QlMjJkRkg4cGpxViUyMiUzRSUzQyUyRnNjcmlwdCUzRSUwQSUwQSUzQ2RpdiUyMGNsYXNzJTNEJTIyZmItdmlkZW8lMjIlMjBtYXJnaW4lM0QlMjJhdXRvJTIyJTIwcGFkZGluZyUzRCUyMjEwcHglMjIlMjBkYXRhLWhyZWYlM0QlMjJodHRwcyUzQSUyRiUyRnd3dy5mYWNlYm9vay5jb20lMkZBcmthZHJ1a0NpZXN6eW4lMkZ2aWRlb3MlMkYxMTc2MDgxMDc2MTQ2NTUwJTJGJTIyJTIwZGF0YS13aWR0aCUzRCUyMjgwMCUyMiUyMGRhdGEtaGVpZ2h0JTNEJTIyNjAwJTIyJTIwZGF0YS1zaG93LXRleHQlM0QlMjJmYWxzZSUyMiUzRSUzQyUyRmRpdiUzRQ==[\/vc_raw_html][\/vc_column][vc_column width=&#8220;1\/3&#8243;][\/vc_column][\/vc_row][vc_row][vc_column][vc_column_text css_animation=&#8220;fadeIn&#8220;] &nbsp; &nbsp; [\/vc_column_text][\/vc_column][\/vc_row][vc_row][vc_column][vc_column_text] Maszyny i urz\u0105dzenia do produkcji ksi\u0105\u017cek w oprawie twardej firmy Schmedt GmbH &amp; Co KG [\/vc_column_text][\/vc_column][\/vc_row][vc_row][vc_column offset=&#8220;vc_hidden-lg vc_hidden-md vc_hidden-sm vc_hidden-xs&#8220;][vc_column_text] Urz\u0105dzenie VarioPrint 6330 TITAN rewolucyjne rozwi\u0105zanie w segmencie system\u00f3w monochromatycznych [\/vc_column_text][\/vc_column][\/vc_row][vc_row css=&#8220;.vc_custom_1517923421862{margin-top: 30px !important;margin-bottom: 100px<\/p>\n","protected":false},"author":1,"featured_media":0,"parent":0,"menu_order":0,"comment_status":"closed","ping_status":"closed","template":"tpl-visual_composer.php","meta":{"footnotes":""},"class_list":["post-7","page","type-page","status-publish","hentry"],"yoast_head":"<!-- This site is optimized with the Yoast SEO plugin v26.6 - https:\/\/yoast.com\/wordpress\/plugins\/seo\/ -->\n<title>Strona g\u0142\u00f3wna - Drukarnia Wydawnictwa ARKA<\/title>\n<meta name=\"description\" content=\"Druk offsetowy, cyfrowy, oprawa mi\u0119kka i twarda, druk ksi\u0105\u017cki, biblii, drukarnia offsetowa Cieszyn, \u015bl\u0105skie PL\" \/>\n<meta name=\"robots\" content=\"index, follow, max-snippet:-1, max-image-preview:large, max-video-preview:-1\" \/>\n<link rel=\"canonical\" href=\"https:\/\/arkadruk.pl\/de\/\" \/>\n<meta property=\"og:locale\" content=\"de_DE\" \/>\n<meta property=\"og:type\" content=\"article\" \/>\n<meta property=\"og:title\" content=\"Strona g\u0142\u00f3wna - Drukarnia Wydawnictwa ARKA\" \/>\n<meta property=\"og:description\" content=\"Druk offsetowy, cyfrowy, oprawa mi\u0119kka i twarda, druk ksi\u0105\u017cki, biblii, drukarnia offsetowa Cieszyn, \u015bl\u0105skie PL\" \/>\n<meta property=\"og:url\" content=\"https:\/\/arkadruk.pl\/de\/\" \/>\n<meta property=\"og:site_name\" content=\"Drukarnia Wydawnictwa ARKA\" \/>\n<meta property=\"article:publisher\" content=\"https:\/\/www.facebook.com\/ArkadrukCieszyn\/\" \/>\n<meta property=\"article:modified_time\" content=\"2023-05-26T15:29:58+00:00\" \/>\n<meta property=\"og:image\" content=\"https:\/\/arkadruk.pl\/wp-content\/uploads\/2019\/03\/pictogramarka-1.jpg\" \/>\n\t<meta property=\"og:image:width\" content=\"32\" \/>\n\t<meta property=\"og:image:height\" content=\"32\" \/>\n\t<meta property=\"og:image:type\" content=\"image\/jpeg\" \/>\n<meta name=\"twitter:card\" content=\"summary_large_image\" \/>\n<script type=\"application\/ld+json\" class=\"yoast-schema-graph\">{\"@context\":\"https:\/\/schema.org\",\"@graph\":[{\"@type\":\"WebPage\",\"@id\":\"https:\/\/arkadruk.pl\/de\/\",\"url\":\"https:\/\/arkadruk.pl\/de\/\",\"name\":\"Strona g\u0142\u00f3wna - Drukarnia Wydawnictwa ARKA\",\"isPartOf\":{\"@id\":\"https:\/\/arkadruk.pl\/de\/#website\"},\"datePublished\":\"2016-11-17T11:39:26+00:00\",\"dateModified\":\"2023-05-26T15:29:58+00:00\",\"description\":\"Druk offsetowy, cyfrowy, oprawa mi\u0119kka i twarda, druk ksi\u0105\u017cki, biblii, drukarnia offsetowa Cieszyn, \u015bl\u0105skie PL\",\"breadcrumb\":{\"@id\":\"https:\/\/arkadruk.pl\/de\/#breadcrumb\"},\"inLanguage\":\"de\",\"potentialAction\":[{\"@type\":\"ReadAction\",\"target\":[\"https:\/\/arkadruk.pl\/de\/\"]}]},{\"@type\":\"BreadcrumbList\",\"@id\":\"https:\/\/arkadruk.pl\/de\/#breadcrumb\",\"itemListElement\":[{\"@type\":\"ListItem\",\"position\":1,\"name\":\"Strona g\u0142\u00f3wna\",\"item\":\"https:\/\/arkadruk.pl\/de\/\"},{\"@type\":\"ListItem\",\"position\":2,\"name\":\"Strona g\u0142\u00f3wna\"}]},{\"@type\":\"WebSite\",\"@id\":\"https:\/\/arkadruk.pl\/de\/#website\",\"url\":\"https:\/\/arkadruk.pl\/de\/\",\"name\":\"Drukarnia Wydawnictwa ARKA\",\"description\":\"Druk offsetowy, cyfrowy, oprawa - Arkadruk Cieszyn PL\",\"potentialAction\":[{\"@type\":\"SearchAction\",\"target\":{\"@type\":\"EntryPoint\",\"urlTemplate\":\"https:\/\/arkadruk.pl\/de\/?s={search_term_string}\"},\"query-input\":{\"@type\":\"PropertyValueSpecification\",\"valueRequired\":true,\"valueName\":\"search_term_string\"}}],\"inLanguage\":\"de\"}]}<\/script>\n<!-- \/ Yoast SEO plugin. -->","yoast_head_json":{"title":"Strona g\u0142\u00f3wna - Drukarnia Wydawnictwa ARKA","description":"Druk offsetowy, cyfrowy, oprawa mi\u0119kka i twarda, druk ksi\u0105\u017cki, biblii, drukarnia offsetowa Cieszyn, \u015bl\u0105skie PL","robots":{"index":"index","follow":"follow","max-snippet":"max-snippet:-1","max-image-preview":"max-image-preview:large","max-video-preview":"max-video-preview:-1"},"canonical":"https:\/\/arkadruk.pl\/de\/","og_locale":"de_DE","og_type":"article","og_title":"Strona g\u0142\u00f3wna - Drukarnia Wydawnictwa ARKA","og_description":"Druk offsetowy, cyfrowy, oprawa mi\u0119kka i twarda, druk ksi\u0105\u017cki, biblii, drukarnia offsetowa Cieszyn, \u015bl\u0105skie PL","og_url":"https:\/\/arkadruk.pl\/de\/","og_site_name":"Drukarnia Wydawnictwa ARKA","article_publisher":"https:\/\/www.facebook.com\/ArkadrukCieszyn\/","article_modified_time":"2023-05-26T15:29:58+00:00","og_image":[{"width":32,"height":32,"url":"https:\/\/arkadruk.pl\/wp-content\/uploads\/2019\/03\/pictogramarka-1.jpg","type":"image\/jpeg"}],"twitter_card":"summary_large_image","schema":{"@context":"https:\/\/schema.org","@graph":[{"@type":"WebPage","@id":"https:\/\/arkadruk.pl\/de\/","url":"https:\/\/arkadruk.pl\/de\/","name":"Strona g\u0142\u00f3wna - Drukarnia Wydawnictwa ARKA","isPartOf":{"@id":"https:\/\/arkadruk.pl\/de\/#website"},"datePublished":"2016-11-17T11:39:26+00:00","dateModified":"2023-05-26T15:29:58+00:00","description":"Druk offsetowy, cyfrowy, oprawa mi\u0119kka i twarda, druk ksi\u0105\u017cki, biblii, drukarnia offsetowa Cieszyn, \u015bl\u0105skie PL","breadcrumb":{"@id":"https:\/\/arkadruk.pl\/de\/#breadcrumb"},"inLanguage":"de","potentialAction":[{"@type":"ReadAction","target":["https:\/\/arkadruk.pl\/de\/"]}]},{"@type":"BreadcrumbList","@id":"https:\/\/arkadruk.pl\/de\/#breadcrumb","itemListElement":[{"@type":"ListItem","position":1,"name":"Strona g\u0142\u00f3wna","item":"https:\/\/arkadruk.pl\/de\/"},{"@type":"ListItem","position":2,"name":"Strona g\u0142\u00f3wna"}]},{"@type":"WebSite","@id":"https:\/\/arkadruk.pl\/de\/#website","url":"https:\/\/arkadruk.pl\/de\/","name":"Drukarnia Wydawnictwa ARKA","description":"Druk offsetowy, cyfrowy, oprawa - Arkadruk Cieszyn PL","potentialAction":[{"@type":"SearchAction","target":{"@type":"EntryPoint","urlTemplate":"https:\/\/arkadruk.pl\/de\/?s={search_term_string}"},"query-input":{"@type":"PropertyValueSpecification","valueRequired":true,"valueName":"search_term_string"}}],"inLanguage":"de"}]}},"_links":{"self":[{"href":"https:\/\/arkadruk.pl\/de\/wp-json\/wp\/v2\/pages\/7","targetHints":{"allow":["GET"]}}],"collection":[{"href":"https:\/\/arkadruk.pl\/de\/wp-json\/wp\/v2\/pages"}],"about":[{"href":"https:\/\/arkadruk.pl\/de\/wp-json\/wp\/v2\/types\/page"}],"author":[{"embeddable":true,"href":"https:\/\/arkadruk.pl\/de\/wp-json\/wp\/v2\/users\/1"}],"replies":[{"embeddable":true,"href":"https:\/\/arkadruk.pl\/de\/wp-json\/wp\/v2\/comments?post=7"}],"version-history":[{"count":39,"href":"https:\/\/arkadruk.pl\/de\/wp-json\/wp\/v2\/pages\/7\/revisions"}],"predecessor-version":[{"id":2961,"href":"https:\/\/arkadruk.pl\/de\/wp-json\/wp\/v2\/pages\/7\/revisions\/2961"}],"wp:attachment":[{"href":"https:\/\/arkadruk.pl\/de\/wp-json\/wp\/v2\/media?parent=7"}],"curies":[{"name":"wp","href":"https:\/\/api.w.org\/{rel}","templated":true}]}}