{"id":975,"date":"2017-04-04T09:59:25","date_gmt":"2017-04-04T07:59:25","guid":{"rendered":"http:\/\/beta.arkadruk.pl\/?page_id=975\/"},"modified":"2018-01-26T15:55:28","modified_gmt":"2018-01-26T14:55:28","slug":"naswietlarnia","status":"publish","type":"page","link":"https:\/\/arkadruk.pl\/de\/dzialy\/naswietlarnia\/","title":{"rendered":"Na\u015bwietlarnia"},"content":{"rendered":"<p>[vc_row container=&#8220;1&#8243; el_class=&#8220;news-content section-padding single-service-page our-features in-wrapper no-container&#8220;][vc_column width=&#8220;1\/3&#8243;][vc_widget_sidebar sidebar_id=&#8220;sidebar-2&#8243;][\/vc_column][vc_column width=&#8220;2\/3&#8243;]\n<div class=\"outer\">\n    <div class=\"text-box display-tcm pr-20\">\n        <div class=\"section-title inner\">\n            <h2>Na\u015bwietlarnia CTP<\/h2>\n            <span class=\"decor\"><\/span>\n        <\/div>\n        <div class=\"text\">\n            <p>Dzi\u0119ki automatycznej linii CTP-UV fimy CRON na\u015bwietlamy p\u0142yty offsetowe<br \/>\ndo formatu B2+ w rozdzielczo\u015bci do 3000 dpi<\/p>\n            <br>\n            <p>WYMAGANIA DOTYCZ\u0104CE PRZYGOTOWANIA PLIK\u00d3W<\/p>\n<p>1. Przygotowanie plik\u00f3w do druku<br \/>\nPrzyjmujemy do druku materia\u0142y gotowe dostarczone przez klienta , a tak\u017ce zapewniamy przygotowanie prac \u2212 od projektu graficznego, sk\u0142adu DTP \u2212 po na\u015bwietlanie.<br \/>\n- pliki w formacie PDF, bez profili ICC, bez warstw \u2013 sp\u0142aszczone<br \/>\n- zalecana rozdzielczo\u015b\u0107: min 300 dpi<br \/>\n- tryb kolor\u00f3w: CMYK, bez osadzonych dodatkowych profili (lub zadany profil \u201eCoated Fogra 27 (ISO 12647-2:2004)\u201d)<br \/>\n- w przypadku druku z kolor\u00f3w dodatkowych kolory \u2212 z odpowiednimi nazwami Pantone, nie nale\u017cy przysy\u0142a\u0107 prac w innych przestrzeniach barwnych takich jak RGB czy Lab<br \/>\n- prace kolorowe powinny by\u0107 zapisane jako Composite CMYK (bez separacji)<br \/>\n- czarne teksty na kolorowym tle powinny by\u0107 nadrukowane (opcja overprint przy \u2212 100% Black)<br \/>\n- plik powinien posiada\u0107 znaczniki ci\u0119cia wed\u0142ug formatu zgodnego ze zleceniem, elementy graficzne i tekstowe nie powinny znajdowa\u0107 si\u0119 w odleg\u0142o\u015bci mniejszej ni\u017c 4 mm od linii ci\u0119cia<br \/>\n- cienkie linie i inne elementy graficzne powinny by\u0107 zdefiniowane w 1 kolorze, niedopuszczalne jest generowanie tekstu z 4 kolor\u00f3w<br \/>\n- w obszarach czarnej apli zalecamy u\u017cy\u0107: 50% Cyjanu, 50% Magenty, 50% Yellow i 100% Black.<br \/>\n- nazwy plik\u00f3w (bez polskich znak\u00f3w) powinny posiada\u0107 jasno okre\u015blone nazwy i zakres pagin, kt\u00f3re si\u0119 w nich znajduj\u0105 oraz rodzaj zawarto\u015bci, je\u017celi jest to np. maska na lakier UV, t\u0142oczenie itp.<br \/>\n- plik na lakier UV przygotowany tak jak pdf do druku \u2212 elementy lakierowane to 100% jednej warstwy kolorystycznej<br \/>\n- plik przygotowany 1:1<br \/>\n- spad (\u015brodek) min 3 mm, oklejka 20 mm, \u015brodek oprawa spiralowana 4 mm z ka\u017cdej strony<br \/>\n- czcionki zamienione na krzywe lub 100% osadzone wewn\u0105trz pliku<br \/>\nNie nale\u017cy przekracza\u0107 maksymalnych zawarto\u015bci procentowej kolor\u00f3w w jednym punkcie, kt\u00f3ra wynosi:<br \/>\n- 330% dla druku na papierach powlekanych, spe\u0142niaj\u0105cych wytyczne normy ISO 12647-2 (papiery grupy 1 i 2 wg ISO 12647-2)<br \/>\n- 300% dla druku na papierach powlekanych nie spe\u0142niaj\u0105cych wytycznych ISO<br \/>\n- 270% dla druku na papierach niepowlekanych<\/p>\n<p>2. Dostarczanie plik\u00f3w<br \/>\nPliki drog\u0105 elektroniczn\u0105 mo\u017cna przesy\u0142a\u0107 na adresy mailowe i nasz serwer FTP<br \/>\nPo przes\u0142aniu przez Klienta plik\u00f3w z projektem graficznym sprawdzamy je i w razie wyst\u0105pienia jakichkolwiek b\u0142\u0119d\u00f3w<br \/>\nkontaktujemy si\u0119 z Klientem. Klient podejmuje decyzj\u0119 o ponownym przes\u0142aniu poprawionych plik\u00f3w lub o kontynuacji pracy na plikach zawieraj\u0105cych b\u0142\u0119dy przejmuj\u0105c tym samym ryzyko otrzymania nieoptymalnego produktu.<br \/>\nDrukarnia NIE PONOSI odpowiedzialno\u015bci za r\u00f3\u017cnice kolorystyczne wynikaj\u0105ce z konwersji przestrzeni barwnych innych ni\u017c CMYK i kolor\u00f3w dodatkowych (np. PANTONE, HKS, itp.) do przestrzeni barwnej CMYK. Przekazuj\u0105c dane niezgodne z przestrzeni\u0105 barwn\u0105 (profil) wymagan\u0105 w tej specyfikacji klient zgadza si\u0119 na wykonanie konwersji i ponosi odpowiedzialno\u015b\u0107 za wszystkie odst\u0119pstwa barwne z tego tytu\u0142u.<\/p>\n        <\/div>\n    <\/div>\n    <div class=\"img-box display-tcm\">\n        <a href=\"#\"><img decoding=\"async\" src=\"\" alt=\"\"><\/a>\n    <\/div>\n        \n<\/div>\n<br><br>\n<div class=\"border-bottom\"><\/div>\n<br><br>\n\n[\/vc_column][\/vc_row]<\/p>\n","protected":false},"excerpt":{"rendered":"<p>[vc_row container=&#8220;1&#8243; el_class=&#8220;news-content section-padding single-service-page our-features in-wrapper no-container&#8220;][vc_column width=&#8220;1\/3&#8243;][vc_widget_sidebar sidebar_id=&#8220;sidebar-2&#8243;][\/vc_column][vc_column width=&#8220;2\/3&#8243;][\/vc_column][\/vc_row]<\/p>\n","protected":false},"author":1,"featured_media":0,"parent":229,"menu_order":0,"comment_status":"closed","ping_status":"closed","template":"tpl-visual_composer.php","meta":{"footnotes":""},"class_list":["post-975","page","type-page","status-publish","hentry"],"yoast_head":"<!-- This site is optimized with the Yoast SEO plugin v26.6 - https:\/\/yoast.com\/wordpress\/plugins\/seo\/ -->\n<title>Na\u015bwietlarnia - Drukarnia Wydawnictwa ARKA<\/title>\n<meta name=\"robots\" content=\"index, follow, max-snippet:-1, max-image-preview:large, max-video-preview:-1\" \/>\n<link rel=\"canonical\" href=\"https:\/\/arkadruk.pl\/de\/dzialy\/naswietlarnia\/\" \/>\n<meta property=\"og:locale\" content=\"de_DE\" \/>\n<meta property=\"og:type\" content=\"article\" \/>\n<meta property=\"og:title\" content=\"Na\u015bwietlarnia - Drukarnia Wydawnictwa ARKA\" \/>\n<meta property=\"og:description\" content=\"[vc_row container=&#8220;1&#8243; el_class=&#8220;news-content section-padding single-service-page our-features in-wrapper no-container&#8220;][vc_column width=&#8220;1\/3&#8243;][vc_widget_sidebar sidebar_id=&#8220;sidebar-2&#8243;][\/vc_column][vc_column width=&#8220;2\/3&#8243;][\/vc_column][\/vc_row]\" \/>\n<meta property=\"og:url\" content=\"https:\/\/arkadruk.pl\/de\/dzialy\/naswietlarnia\/\" \/>\n<meta property=\"og:site_name\" content=\"Drukarnia Wydawnictwa ARKA\" \/>\n<meta property=\"article:publisher\" content=\"https:\/\/www.facebook.com\/ArkadrukCieszyn\/\" \/>\n<meta property=\"article:modified_time\" content=\"2018-01-26T14:55:28+00:00\" \/>\n<meta property=\"og:image\" content=\"https:\/\/arkadruk.pl\/wp-content\/uploads\/2019\/03\/pictogramarka-1.jpg\" \/>\n\t<meta property=\"og:image:width\" content=\"32\" \/>\n\t<meta property=\"og:image:height\" content=\"32\" \/>\n\t<meta property=\"og:image:type\" content=\"image\/jpeg\" \/>\n<meta name=\"twitter:card\" content=\"summary_large_image\" \/>\n<script type=\"application\/ld+json\" class=\"yoast-schema-graph\">{\"@context\":\"https:\/\/schema.org\",\"@graph\":[{\"@type\":\"WebPage\",\"@id\":\"https:\/\/arkadruk.pl\/de\/dzialy\/naswietlarnia\/\",\"url\":\"https:\/\/arkadruk.pl\/de\/dzialy\/naswietlarnia\/\",\"name\":\"Na\u015bwietlarnia - Drukarnia Wydawnictwa ARKA\",\"isPartOf\":{\"@id\":\"https:\/\/arkadruk.pl\/de\/#website\"},\"datePublished\":\"2017-04-04T07:59:25+00:00\",\"dateModified\":\"2018-01-26T14:55:28+00:00\",\"breadcrumb\":{\"@id\":\"https:\/\/arkadruk.pl\/de\/dzialy\/naswietlarnia\/#breadcrumb\"},\"inLanguage\":\"de\",\"potentialAction\":[{\"@type\":\"ReadAction\",\"target\":[\"https:\/\/arkadruk.pl\/de\/dzialy\/naswietlarnia\/\"]}]},{\"@type\":\"BreadcrumbList\",\"@id\":\"https:\/\/arkadruk.pl\/de\/dzialy\/naswietlarnia\/#breadcrumb\",\"itemListElement\":[{\"@type\":\"ListItem\",\"position\":1,\"name\":\"Strona g\u0142\u00f3wna\",\"item\":\"https:\/\/arkadruk.pl\/de\/\"},{\"@type\":\"ListItem\",\"position\":2,\"name\":\"Dzia\u0142y\",\"item\":\"https:\/\/arkadruk.pl\/de\/dzialy\/\"},{\"@type\":\"ListItem\",\"position\":3,\"name\":\"Na\u015bwietlarnia\"}]},{\"@type\":\"WebSite\",\"@id\":\"https:\/\/arkadruk.pl\/de\/#website\",\"url\":\"https:\/\/arkadruk.pl\/de\/\",\"name\":\"Drukarnia Wydawnictwa ARKA\",\"description\":\"Druk offsetowy, cyfrowy, oprawa - Arkadruk Cieszyn PL\",\"potentialAction\":[{\"@type\":\"SearchAction\",\"target\":{\"@type\":\"EntryPoint\",\"urlTemplate\":\"https:\/\/arkadruk.pl\/de\/?s={search_term_string}\"},\"query-input\":{\"@type\":\"PropertyValueSpecification\",\"valueRequired\":true,\"valueName\":\"search_term_string\"}}],\"inLanguage\":\"de\"}]}<\/script>\n<!-- \/ Yoast SEO plugin. -->","yoast_head_json":{"title":"Na\u015bwietlarnia - Drukarnia Wydawnictwa ARKA","robots":{"index":"index","follow":"follow","max-snippet":"max-snippet:-1","max-image-preview":"max-image-preview:large","max-video-preview":"max-video-preview:-1"},"canonical":"https:\/\/arkadruk.pl\/de\/dzialy\/naswietlarnia\/","og_locale":"de_DE","og_type":"article","og_title":"Na\u015bwietlarnia - Drukarnia Wydawnictwa ARKA","og_description":"[vc_row container=&#8220;1&#8243; el_class=&#8220;news-content section-padding single-service-page our-features in-wrapper no-container&#8220;][vc_column width=&#8220;1\/3&#8243;][vc_widget_sidebar sidebar_id=&#8220;sidebar-2&#8243;][\/vc_column][vc_column width=&#8220;2\/3&#8243;][\/vc_column][\/vc_row]","og_url":"https:\/\/arkadruk.pl\/de\/dzialy\/naswietlarnia\/","og_site_name":"Drukarnia Wydawnictwa ARKA","article_publisher":"https:\/\/www.facebook.com\/ArkadrukCieszyn\/","article_modified_time":"2018-01-26T14:55:28+00:00","og_image":[{"width":32,"height":32,"url":"https:\/\/arkadruk.pl\/wp-content\/uploads\/2019\/03\/pictogramarka-1.jpg","type":"image\/jpeg"}],"twitter_card":"summary_large_image","schema":{"@context":"https:\/\/schema.org","@graph":[{"@type":"WebPage","@id":"https:\/\/arkadruk.pl\/de\/dzialy\/naswietlarnia\/","url":"https:\/\/arkadruk.pl\/de\/dzialy\/naswietlarnia\/","name":"Na\u015bwietlarnia - Drukarnia Wydawnictwa ARKA","isPartOf":{"@id":"https:\/\/arkadruk.pl\/de\/#website"},"datePublished":"2017-04-04T07:59:25+00:00","dateModified":"2018-01-26T14:55:28+00:00","breadcrumb":{"@id":"https:\/\/arkadruk.pl\/de\/dzialy\/naswietlarnia\/#breadcrumb"},"inLanguage":"de","potentialAction":[{"@type":"ReadAction","target":["https:\/\/arkadruk.pl\/de\/dzialy\/naswietlarnia\/"]}]},{"@type":"BreadcrumbList","@id":"https:\/\/arkadruk.pl\/de\/dzialy\/naswietlarnia\/#breadcrumb","itemListElement":[{"@type":"ListItem","position":1,"name":"Strona g\u0142\u00f3wna","item":"https:\/\/arkadruk.pl\/de\/"},{"@type":"ListItem","position":2,"name":"Dzia\u0142y","item":"https:\/\/arkadruk.pl\/de\/dzialy\/"},{"@type":"ListItem","position":3,"name":"Na\u015bwietlarnia"}]},{"@type":"WebSite","@id":"https:\/\/arkadruk.pl\/de\/#website","url":"https:\/\/arkadruk.pl\/de\/","name":"Drukarnia Wydawnictwa ARKA","description":"Druk offsetowy, cyfrowy, oprawa - Arkadruk Cieszyn PL","potentialAction":[{"@type":"SearchAction","target":{"@type":"EntryPoint","urlTemplate":"https:\/\/arkadruk.pl\/de\/?s={search_term_string}"},"query-input":{"@type":"PropertyValueSpecification","valueRequired":true,"valueName":"search_term_string"}}],"inLanguage":"de"}]}},"_links":{"self":[{"href":"https:\/\/arkadruk.pl\/de\/wp-json\/wp\/v2\/pages\/975","targetHints":{"allow":["GET"]}}],"collection":[{"href":"https:\/\/arkadruk.pl\/de\/wp-json\/wp\/v2\/pages"}],"about":[{"href":"https:\/\/arkadruk.pl\/de\/wp-json\/wp\/v2\/types\/page"}],"author":[{"embeddable":true,"href":"https:\/\/arkadruk.pl\/de\/wp-json\/wp\/v2\/users\/1"}],"replies":[{"embeddable":true,"href":"https:\/\/arkadruk.pl\/de\/wp-json\/wp\/v2\/comments?post=975"}],"version-history":[{"count":6,"href":"https:\/\/arkadruk.pl\/de\/wp-json\/wp\/v2\/pages\/975\/revisions"}],"predecessor-version":[{"id":3000,"href":"https:\/\/arkadruk.pl\/de\/wp-json\/wp\/v2\/pages\/975\/revisions\/3000"}],"up":[{"embeddable":true,"href":"https:\/\/arkadruk.pl\/de\/wp-json\/wp\/v2\/pages\/229"}],"wp:attachment":[{"href":"https:\/\/arkadruk.pl\/de\/wp-json\/wp\/v2\/media?parent=975"}],"curies":[{"name":"wp","href":"https:\/\/api.w.org\/{rel}","templated":true}]}}