{"id":191,"date":"2016-11-22T07:57:40","date_gmt":"2016-11-22T07:57:40","guid":{"rendered":"http:\/\/asianitbd.com\/wp\/industries\/?page_id=191"},"modified":"2019-03-16T22:50:02","modified_gmt":"2019-03-16T21:50:02","slug":"o-nas","status":"publish","type":"page","link":"https:\/\/arkadruk.pl\/en\/o-nas\/","title":{"rendered":"O nas"},"content":{"rendered":"<p>[vc_row][vc_column width=&#8221;1\/6&#8243;][vc_widget_sidebar sidebar_id=&#8221;default-sidebar&#8221;][\/vc_column][vc_column width=&#8221;2\/3&#8243;]\n<div class=\"outer\">\n    <div class=\"text-box display-tcm pr-20\">\n        <div class=\"section-title inner\">\n            <h2>Troch\u0119 o nas<\/h2>\n            <span class=\"decor\"><\/span>\n        <\/div>\n        <div class=\"text\">\n            <p>Drukarnia i Wydawnictwo ARKA powsta\u0142y w 1994 roku jako jednoosobowa firma maj\u0105ca na celu przygotowanie do druku i druk materia\u0142\u00f3w szkoleniowych dla korespondencyjnego kursu biblijnego ICI.<\/p>\n            <br>\n            <p>Od 1994 roku s\u0142u\u017cymy naszym czasem i do\u015bwiadczeniem.<br \/>\nKreatywni, zaanga\u017cowani, elastyczni i rzetelni. Zadrukowujemy rocznie prawie 400 ton papieru!<br \/>\nBlisko po\u0142owa naszej produkcji to ksi\u0105\u017cki, albumy i katalogi dla wydawc\u00f3w zagranicznych.<\/p>\n<p>Nasza roczna produkcja (2016 r.) to ponad 700 tys. ksi\u0105\u017cek i 500 tys. czasopism i broszur.<br \/>\nW na\u015bwietlarni CTP na\u015bwietlamy rocznie ponad 30 tys. p\u0142yt offsetowych.<\/p>\n<p>Naszym g\u0142\u00f3wnym celem jest, aby Klienci otrzymywali produkty, z kt\u00f3rych b\u0119d\u0105 dumni.<br \/>\nStale podwy\u017cszamy jako\u015b\u0107 us\u0142ug poprzez wdra\u017canie nowych i innowacyjnych rozwi\u0105za\u0144 technologicznych.<\/p>\n        <\/div>\n    <\/div>\n    <div class=\"img-box display-tcm\">\n        <a href=\"\"><img decoding=\"async\" src=\"https:\/\/arkadruk.pl\/wp-content\/uploads\/2017\/12\/onas.jpg\" alt=\"\"><\/a>\n    <\/div>\n        \n<\/div>\n<br><br>\n<div class=\"border-bottom\"><\/div>\n<br><br>\n\n[\/vc_column][vc_column width=&#8221;1\/6&#8243;][\/vc_column][\/vc_row][vc_row][vc_column]\n<section class=\"call-to-action-home\" style=\"background: url('https:\/\/arkadruk.pl\/wp-content\/uploads\/2016\/11\/tlo-black.jpg');\">\n\t<div class=\"container\">\n\t\t<p><span style=\"color: white;\">Jeste\u015bmy dynamicznie rozwijaj\u0105c\u0105 si\u0119 firm\u0105,<br \/>\nsystematycznie dostosowuj\u0105c\u0105 si\u0119 do wymaga\u0144 rynku i oczekiwa\u0144 klient\u00f3w.<\/p>\n\t<\/div>\n<\/section>\n\n[\/vc_column][\/vc_row][vc_row][vc_column]\n<section class=\"call-to-action-home\" style=\"background: url('https:\/\/arkadruk.pl\/wp-content\/uploads\/2017\/12\/tlo-zolte-1.jpg');\">\n\t<div class=\"container\">\n\t\t<p>Potrzebujesz wydrukowa\u0107 ksi\u0105\u017ck\u0119, czasopismo, katalog, album, broszur\u0119, gazetk\u0119, kalendarz, plakat, ulotk\u0119, teczk\u0119, zaproszenia, naklejki, wizyt\u00f3wki, notesy\u2026 itp.<br \/>\n<a href=\"http:\/\/arkadruk.pl\/kontakt\/\">Skontaktuj si\u0119 z nami ju\u017c dzi\u015b, a zaproponujemy Ci najlepsze rozwi\u0105zanie!<\/a><\/p>\n\t<\/div>\n<\/section>\n\n[\/vc_column][\/vc_row][vc_row][vc_column][vc_column_text]<\/span>[\/vc_column_text][\/vc_column][\/vc_row]<\/p>\n","protected":false},"excerpt":{"rendered":"<p>[vc_row][vc_column width=&#8221;1\/6&#8243;][vc_widget_sidebar sidebar_id=&#8221;default-sidebar&#8221;][\/vc_column][vc_column width=&#8221;2\/3&#8243;][\/vc_column][vc_column width=&#8221;1\/6&#8243;][\/vc_column][\/vc_row][vc_row][vc_column][\/vc_column][\/vc_row][vc_row][vc_column][\/vc_column][\/vc_row][vc_row][vc_column][vc_column_text][\/vc_column_text][\/vc_column][\/vc_row]<\/p>\n","protected":false},"author":1,"featured_media":0,"parent":0,"menu_order":0,"comment_status":"closed","ping_status":"closed","template":"tpl-visual_composer.php","meta":{"footnotes":""},"class_list":["post-191","page","type-page","status-publish","hentry"],"yoast_head":"<!-- This site is optimized with the Yoast SEO plugin v26.6 - https:\/\/yoast.com\/wordpress\/plugins\/seo\/ -->\n<title>O nas - Drukarnia Wydawnictwa ARKA<\/title>\n<meta name=\"robots\" content=\"index, follow, max-snippet:-1, max-image-preview:large, max-video-preview:-1\" \/>\n<link rel=\"canonical\" href=\"https:\/\/arkadruk.pl\/en\/o-nas\/\" \/>\n<meta property=\"og:locale\" content=\"en_US\" \/>\n<meta property=\"og:type\" content=\"article\" \/>\n<meta property=\"og:title\" content=\"O nas - Drukarnia Wydawnictwa ARKA\" \/>\n<meta property=\"og:description\" content=\"[vc_row][vc_column width=&#8221;1\/6&#8243;][vc_widget_sidebar sidebar_id=&#8221;default-sidebar&#8221;][\/vc_column][vc_column width=&#8221;2\/3&#8243;][\/vc_column][vc_column width=&#8221;1\/6&#8243;][\/vc_column][\/vc_row][vc_row][vc_column][\/vc_column][\/vc_row][vc_row][vc_column][\/vc_column][\/vc_row][vc_row][vc_column][vc_column_text][\/vc_column_text][\/vc_column][\/vc_row]\" \/>\n<meta property=\"og:url\" content=\"https:\/\/arkadruk.pl\/en\/o-nas\/\" \/>\n<meta property=\"og:site_name\" content=\"Drukarnia Wydawnictwa ARKA\" \/>\n<meta property=\"article:publisher\" content=\"https:\/\/www.facebook.com\/ArkadrukCieszyn\/\" \/>\n<meta property=\"article:modified_time\" content=\"2019-03-16T21:50:02+00:00\" \/>\n<meta property=\"og:image\" content=\"https:\/\/arkadruk.pl\/wp-content\/uploads\/2019\/03\/pictogramarka-1.jpg\" \/>\n\t<meta property=\"og:image:width\" content=\"32\" \/>\n\t<meta property=\"og:image:height\" content=\"32\" \/>\n\t<meta property=\"og:image:type\" content=\"image\/jpeg\" \/>\n<meta name=\"twitter:card\" content=\"summary_large_image\" \/>\n<script type=\"application\/ld+json\" class=\"yoast-schema-graph\">{\"@context\":\"https:\/\/schema.org\",\"@graph\":[{\"@type\":\"WebPage\",\"@id\":\"https:\/\/arkadruk.pl\/en\/o-nas\/\",\"url\":\"https:\/\/arkadruk.pl\/en\/o-nas\/\",\"name\":\"O nas - Drukarnia Wydawnictwa ARKA\",\"isPartOf\":{\"@id\":\"https:\/\/arkadruk.pl\/en\/#website\"},\"datePublished\":\"2016-11-22T07:57:40+00:00\",\"dateModified\":\"2019-03-16T21:50:02+00:00\",\"breadcrumb\":{\"@id\":\"https:\/\/arkadruk.pl\/en\/o-nas\/#breadcrumb\"},\"inLanguage\":\"en-US\",\"potentialAction\":[{\"@type\":\"ReadAction\",\"target\":[\"https:\/\/arkadruk.pl\/en\/o-nas\/\"]}]},{\"@type\":\"BreadcrumbList\",\"@id\":\"https:\/\/arkadruk.pl\/en\/o-nas\/#breadcrumb\",\"itemListElement\":[{\"@type\":\"ListItem\",\"position\":1,\"name\":\"Strona g\u0142\u00f3wna\",\"item\":\"https:\/\/arkadruk.pl\/en\/\"},{\"@type\":\"ListItem\",\"position\":2,\"name\":\"O nas\"}]},{\"@type\":\"WebSite\",\"@id\":\"https:\/\/arkadruk.pl\/en\/#website\",\"url\":\"https:\/\/arkadruk.pl\/en\/\",\"name\":\"Drukarnia Wydawnictwa ARKA\",\"description\":\"Druk offsetowy, cyfrowy, oprawa - Arkadruk Cieszyn PL\",\"potentialAction\":[{\"@type\":\"SearchAction\",\"target\":{\"@type\":\"EntryPoint\",\"urlTemplate\":\"https:\/\/arkadruk.pl\/en\/?s={search_term_string}\"},\"query-input\":{\"@type\":\"PropertyValueSpecification\",\"valueRequired\":true,\"valueName\":\"search_term_string\"}}],\"inLanguage\":\"en-US\"}]}<\/script>\n<!-- \/ Yoast SEO plugin. -->","yoast_head_json":{"title":"O nas - Drukarnia Wydawnictwa ARKA","robots":{"index":"index","follow":"follow","max-snippet":"max-snippet:-1","max-image-preview":"max-image-preview:large","max-video-preview":"max-video-preview:-1"},"canonical":"https:\/\/arkadruk.pl\/en\/o-nas\/","og_locale":"en_US","og_type":"article","og_title":"O nas - Drukarnia Wydawnictwa ARKA","og_description":"[vc_row][vc_column width=&#8221;1\/6&#8243;][vc_widget_sidebar sidebar_id=&#8221;default-sidebar&#8221;][\/vc_column][vc_column width=&#8221;2\/3&#8243;][\/vc_column][vc_column width=&#8221;1\/6&#8243;][\/vc_column][\/vc_row][vc_row][vc_column][\/vc_column][\/vc_row][vc_row][vc_column][\/vc_column][\/vc_row][vc_row][vc_column][vc_column_text][\/vc_column_text][\/vc_column][\/vc_row]","og_url":"https:\/\/arkadruk.pl\/en\/o-nas\/","og_site_name":"Drukarnia Wydawnictwa ARKA","article_publisher":"https:\/\/www.facebook.com\/ArkadrukCieszyn\/","article_modified_time":"2019-03-16T21:50:02+00:00","og_image":[{"width":32,"height":32,"url":"https:\/\/arkadruk.pl\/wp-content\/uploads\/2019\/03\/pictogramarka-1.jpg","type":"image\/jpeg"}],"twitter_card":"summary_large_image","schema":{"@context":"https:\/\/schema.org","@graph":[{"@type":"WebPage","@id":"https:\/\/arkadruk.pl\/en\/o-nas\/","url":"https:\/\/arkadruk.pl\/en\/o-nas\/","name":"O nas - Drukarnia Wydawnictwa ARKA","isPartOf":{"@id":"https:\/\/arkadruk.pl\/en\/#website"},"datePublished":"2016-11-22T07:57:40+00:00","dateModified":"2019-03-16T21:50:02+00:00","breadcrumb":{"@id":"https:\/\/arkadruk.pl\/en\/o-nas\/#breadcrumb"},"inLanguage":"en-US","potentialAction":[{"@type":"ReadAction","target":["https:\/\/arkadruk.pl\/en\/o-nas\/"]}]},{"@type":"BreadcrumbList","@id":"https:\/\/arkadruk.pl\/en\/o-nas\/#breadcrumb","itemListElement":[{"@type":"ListItem","position":1,"name":"Strona g\u0142\u00f3wna","item":"https:\/\/arkadruk.pl\/en\/"},{"@type":"ListItem","position":2,"name":"O nas"}]},{"@type":"WebSite","@id":"https:\/\/arkadruk.pl\/en\/#website","url":"https:\/\/arkadruk.pl\/en\/","name":"Drukarnia Wydawnictwa ARKA","description":"Druk offsetowy, cyfrowy, oprawa - Arkadruk Cieszyn PL","potentialAction":[{"@type":"SearchAction","target":{"@type":"EntryPoint","urlTemplate":"https:\/\/arkadruk.pl\/en\/?s={search_term_string}"},"query-input":{"@type":"PropertyValueSpecification","valueRequired":true,"valueName":"search_term_string"}}],"inLanguage":"en-US"}]}},"_links":{"self":[{"href":"https:\/\/arkadruk.pl\/en\/wp-json\/wp\/v2\/pages\/191","targetHints":{"allow":["GET"]}}],"collection":[{"href":"https:\/\/arkadruk.pl\/en\/wp-json\/wp\/v2\/pages"}],"about":[{"href":"https:\/\/arkadruk.pl\/en\/wp-json\/wp\/v2\/types\/page"}],"author":[{"embeddable":true,"href":"https:\/\/arkadruk.pl\/en\/wp-json\/wp\/v2\/users\/1"}],"replies":[{"embeddable":true,"href":"https:\/\/arkadruk.pl\/en\/wp-json\/wp\/v2\/comments?post=191"}],"version-history":[{"count":6,"href":"https:\/\/arkadruk.pl\/en\/wp-json\/wp\/v2\/pages\/191\/revisions"}],"predecessor-version":[{"id":2368,"href":"https:\/\/arkadruk.pl\/en\/wp-json\/wp\/v2\/pages\/191\/revisions\/2368"}],"wp:attachment":[{"href":"https:\/\/arkadruk.pl\/en\/wp-json\/wp\/v2\/media?parent=191"}],"curies":[{"name":"wp","href":"https:\/\/api.w.org\/{rel}","templated":true}]}}